{"id":92,"date":"2022-09-05T18:11:14","date_gmt":"2022-09-05T18:11:14","guid":{"rendered":"http:\/\/localhost:8000\/?page_id=92"},"modified":"2024-10-23T12:02:48","modified_gmt":"2024-10-23T12:02:48","slug":"links","status":"publish","type":"page","link":"https:\/\/ppge.im.ufrj.br\/en\/links\/","title":{"rendered":"Links"},"content":{"rendered":"<p><div class=\"fusion-fullwidth fullwidth-box fusion-builder-row-1 fusion-flex-container has-pattern-background has-mask-background gradient-container-1 nonhundred-percent-fullwidth non-hundred-percent-height-scrolling\" style=\"--awb-border-radius-top-left:0px;--awb-border-radius-top-right:0px;--awb-border-radius-bottom-right:0px;--awb-border-radius-bottom-left:0px;--awb-flex-wrap:wrap;\" ><div class=\"fusion-builder-row fusion-row fusion-flex-align-items-flex-start fusion-flex-content-wrap\" style=\"max-width:1248px;margin-left: calc(-4% \/ 2 );margin-right: calc(-4% \/ 2 );\"><div class=\"fusion-layout-column fusion_builder_column fusion-builder-column-0 fusion_builder_column_1_1 1_1 fusion-flex-column\" style=\"--awb-bg-size:cover;--awb-width-large:100%;--awb-margin-top-large:0px;--awb-spacing-right-large:1.92%;--awb-margin-bottom-large:20px;--awb-spacing-left-large:1.92%;--awb-width-medium:100%;--awb-order-medium:0;--awb-spacing-right-medium:1.92%;--awb-spacing-left-medium:1.92%;--awb-width-small:100%;--awb-order-small:0;--awb-spacing-right-small:1.92%;--awb-spacing-left-small:1.92%;\"><div class=\"fusion-column-wrapper fusion-column-has-shadow fusion-flex-justify-content-flex-start fusion-content-layout-column\"><div class=\"fusion-title title fusion-title-1 sep-underline sep-solid fusion-title-text fusion-title-size-two\" style=\"--awb-sep-color:var(--awb-color6);\"><h2 class=\"fusion-title-heading title-heading-left\" style=\"margin:0;text-transform:uppercase;text-shadow:0px #282828;\">Links<\/h2><\/div><\/div><\/div><\/div><\/div><div class=\"fusion-fullwidth fullwidth-box fusion-builder-row-2 fusion-flex-container has-pattern-background has-mask-background gradient-container-2 nonhundred-percent-fullwidth non-hundred-percent-height-scrolling\" style=\"--awb-border-radius-top-left:0px;--awb-border-radius-top-right:0px;--awb-border-radius-bottom-right:0px;--awb-border-radius-bottom-left:0px;--awb-flex-wrap:wrap;\" ><div class=\"fusion-builder-row fusion-row fusion-flex-align-items-flex-start fusion-flex-content-wrap\" style=\"max-width:1248px;margin-left: calc(-4% \/ 2 );margin-right: calc(-4% \/ 2 );\"><div class=\"fusion-layout-column fusion_builder_column fusion-builder-column-1 fusion_builder_column_1_1 1_1 fusion-flex-column\" style=\"--awb-bg-size:cover;--awb-width-large:100%;--awb-margin-top-large:0px;--awb-spacing-right-large:1.92%;--awb-margin-bottom-large:20px;--awb-spacing-left-large:1.92%;--awb-width-medium:100%;--awb-order-medium:0;--awb-spacing-right-medium:1.92%;--awb-spacing-left-medium:1.92%;--awb-width-small:100%;--awb-order-small:0;--awb-spacing-right-small:1.92%;--awb-spacing-left-small:1.92%;\"><div class=\"fusion-column-wrapper fusion-column-has-shadow fusion-flex-justify-content-flex-start fusion-content-layout-column\"><div class=\"fusion-text fusion-text-1\"><table border=\"0\" width=\"100%\" cellspacing=\"0\" cellpadding=\"0\" align=\"center\">\n<tbody>\n<tr>\n<td valign=\"bottom\" width=\"22%\"><a href=\"http:\/\/www.ufrj.br\" target=\"_blank\" rel=\"noopener\"><img decoding=\"async\" class=\"alignnone wp-image-727 size-full\" src=\"https:\/\/ppge.im.ufrj.br\/wp-content\/uploads\/2024\/09\/logo_ufrj.gif\" alt=\"\" width=\"81\" height=\"90\" \/><\/a><\/td>\n<td valign=\"bottom\" width=\"4%\"><\/td>\n<td valign=\"bottom\" width=\"22%\"><a href=\"http:\/\/www.cnpq.br\" target=\"_blank\" rel=\"noopener\"><img decoding=\"async\" class=\"alignnone wp-image-720 size-full\" src=\"https:\/\/ppge.im.ufrj.br\/wp-content\/uploads\/2024\/09\/logo_cnpq.gif\" alt=\"\" width=\"127\" height=\"61\" \/><\/a><\/td>\n<td valign=\"bottom\" width=\"4%\"><\/td>\n<td valign=\"bottom\" width=\"22%\"><a href=\"http:\/\/www.faperj.br\/\" target=\"_blank\" rel=\"noopener\"><img decoding=\"async\" class=\"alignnone wp-image-722 size-full\" src=\"https:\/\/ppge.im.ufrj.br\/wp-content\/uploads\/2024\/09\/logo_faperj.gif\" alt=\"\" width=\"119\" height=\"50\" \/><\/a><\/td>\n<td valign=\"bottom\" width=\"4%\"><\/td>\n<td valign=\"bottom\" width=\"22%\"><a href=\"http:\/\/www.sobrapo.org.br\/\"><img decoding=\"async\" class=\"alignnone wp-image-726 size-full\" src=\"https:\/\/ppge.im.ufrj.br\/wp-content\/uploads\/2024\/09\/logo_sobrapo.gif\" alt=\"\" width=\"77\" height=\"80\" \/><\/a><\/td>\n<\/tr>\n<tr>\n<td valign=\"top\" height=\"10\"><a href=\"http:\/\/www.ufrj.br\" target=\"_blank\" rel=\"noopener noreferrer\"><strong>Universidade Federal do Rio de Janeiro<\/strong><\/a><\/td>\n<td valign=\"top\"><\/td>\n<td valign=\"top\"><a href=\"http:\/\/www.cnpq.br\" target=\"_blank\" rel=\"noopener noreferrer\"><strong>Conselho Nacional de Desenvolvimento Cient\u00edfico e Tecnol\u00f3gico<\/strong><\/a><\/td>\n<td valign=\"top\"><\/td>\n<td valign=\"top\"><a href=\"http:\/\/www.faperj.br\" target=\"_blank\" rel=\"noopener noreferrer\"><strong>Funda\u00e7\u00e3o Carlos Chagas Filho de Amparo \u00e0 Pesquisa do Rio de Janeiro<\/strong><\/a><\/td>\n<td valign=\"top\"><\/td>\n<td valign=\"top\"><a href=\"http:\/\/www.sobrapo.org.br\" target=\"_blank\" rel=\"noopener noreferrer\"><strong>Sociedade Brasileira de Pequisa Operacional<\/strong><\/a><\/td>\n<\/tr>\n<tr>\n<td height=\"10\"><\/td>\n<td><\/td>\n<td valign=\"top\"><\/td>\n<td valign=\"top\"><\/td>\n<td valign=\"top\"><\/td>\n<td valign=\"top\"><\/td>\n<td valign=\"top\"><\/td>\n<\/tr>\n<tr>\n<td height=\"10\"><\/td>\n<td><\/td>\n<td valign=\"top\"><\/td>\n<td valign=\"top\"><\/td>\n<td valign=\"top\"><\/td>\n<td valign=\"top\"><\/td>\n<td valign=\"top\"><\/td>\n<\/tr>\n<tr>\n<td valign=\"bottom\" height=\"10\"><img decoding=\"async\" class=\"alignnone wp-image-724 size-full\" title=\"http:\/\/www.im.ufrj.br\/\" src=\"https:\/\/ppge.im.ufrj.br\/wp-content\/uploads\/2024\/09\/logo_im.gif\" alt=\"\" width=\"71\" height=\"57\" \/><\/td>\n<td valign=\"top\"><\/td>\n<td valign=\"bottom\"><a href=\"http:\/\/www.capes.gov.br\/\" target=\"_blank\" rel=\"noopener\"><img decoding=\"async\" class=\"alignnone wp-image-719 size-full\" src=\"https:\/\/ppge.im.ufrj.br\/wp-content\/uploads\/2024\/09\/logo_capes.gif\" alt=\"\" width=\"89\" height=\"75\" \/><\/a><\/td>\n<td valign=\"top\"><\/td>\n<td valign=\"bottom\"><a href=\"http:\/\/www.redeabe.org.br\/\" target=\"_blank\" rel=\"noopener\"><img decoding=\"async\" class=\"alignnone wp-image-718 size-full\" src=\"https:\/\/ppge.im.ufrj.br\/wp-content\/uploads\/2024\/09\/logo_abe.gif\" alt=\"\" width=\"69\" height=\"80\" \/><\/a><\/td>\n<td valign=\"top\"><\/td>\n<td valign=\"bottom\"><a href=\"http:\/\/www.dme.im.ufrj.br\/\" target=\"_blank\" rel=\"noopener\"><img decoding=\"async\" class=\"alignnone wp-image-721 size-full\" src=\"https:\/\/ppge.im.ufrj.br\/wp-content\/uploads\/2024\/09\/logo_dme.gif\" alt=\"\" width=\"83\" height=\"50\" \/><\/a><\/td>\n<\/tr>\n<tr>\n<td valign=\"top\" height=\"10\"><a href=\"http:\/\/www.im.ufrj.br\" target=\"_blank\" rel=\"noopener noreferrer\"><strong>Instituto de Matem\u00e1tica<\/strong><\/a><\/td>\n<td valign=\"top\"><\/td>\n<td valign=\"top\"><a href=\"http:\/\/www.capes.gov.br\" target=\"_blank\" rel=\"noopener noreferrer\"><strong>Coordena\u00e7\u00e3o de Aperfei\u00e7oamento de Pessoal de N\u00edvel Superior<\/strong><\/a><\/td>\n<td valign=\"top\"><\/td>\n<td valign=\"top\"><a href=\"http:\/\/www.redeabe.org.br\" target=\"_blank\" rel=\"noopener noreferrer\"><strong>Associa\u00e7\u00e3o Brasileira de Estat\u00edstica<\/strong><\/a><\/td>\n<td valign=\"top\"><\/td>\n<td valign=\"top\"><a href=\"http:\/\/www.dme.im.ufrj.br\" target=\"_blank\" rel=\"noopener noreferrer\"><strong>Departamento de M\u00e9todos Estat\u00edsticos<\/strong><\/a><\/td>\n<\/tr>\n<tr>\n<td height=\"10\"><\/td>\n<td><\/td>\n<td valign=\"top\"><\/td>\n<td valign=\"top\"><\/td>\n<td valign=\"top\"><\/td>\n<td valign=\"top\"><\/td>\n<td><\/td>\n<\/tr>\n<tr>\n<td height=\"10\"><\/td>\n<td><\/td>\n<td valign=\"top\"><\/td>\n<td valign=\"top\"><\/td>\n<td valign=\"top\"><\/td>\n<td valign=\"top\"><\/td>\n<td><\/td>\n<\/tr>\n<tr>\n<td valign=\"bottom\" height=\"10\"><a href=\"http:\/\/www.fujb.ufrj.br\/\" target=\"_blank\" rel=\"noopener\"><img decoding=\"async\" class=\"alignnone wp-image-723 size-full\" src=\"https:\/\/ppge.im.ufrj.br\/wp-content\/uploads\/2024\/09\/logo_fujb.gif\" alt=\"\" width=\"65\" height=\"58\" \/><\/a><\/td>\n<td valign=\"bottom\"><\/td>\n<td valign=\"bottom\"><img decoding=\"async\" class=\"alignnone wp-image-725 size-full\" src=\"https:\/\/ppge.im.ufrj.br\/wp-content\/uploads\/2024\/09\/logo_isba.gif\" alt=\"\" width=\"162\" height=\"58\" \/><\/td>\n<td valign=\"bottom\"><\/td>\n<td valign=\"bottom\"><\/td>\n<td valign=\"bottom\"><\/td>\n<td><\/td>\n<\/tr>\n<tr>\n<td valign=\"top\" height=\"10\"><a href=\"http:\/\/www.fujb.ufrj.br\" target=\"_blank\" rel=\"noopener noreferrer\"><strong>Funda\u00e7\u00e3o Universit\u00e1ria Jos\u00e9 Bonif\u00e1cio<\/strong><\/a><\/td>\n<td valign=\"top\"><\/td>\n<td valign=\"top\"><a href=\"http:\/\/www.bayesian.org\" target=\"_blank\" rel=\"noopener noreferrer\"><strong>International Society for Bayesian Analysis<\/strong><\/a><\/td>\n<td valign=\"top\"><\/td>\n<td valign=\"top\"><\/td>\n<td valign=\"top\"><\/td>\n<td><\/td>\n<\/tr>\n<tr>\n<td height=\"10\"><\/td>\n<td><\/td>\n<td><\/td>\n<td><\/td>\n<td><\/td>\n<td><\/td>\n<td><\/td>\n<\/tr>\n<\/tbody>\n<\/table>\n<\/div><\/div><\/div><\/div><\/div><\/p>","protected":false},"excerpt":{"rendered":"","protected":false},"author":1,"featured_media":0,"parent":0,"menu_order":0,"comment_status":"closed","ping_status":"open","template":"100-width.php","meta":{"footnotes":""},"class_list":["post-92","page","type-page","status-publish","hentry"],"_links":{"self":[{"href":"https:\/\/ppge.im.ufrj.br\/en\/wp-json\/wp\/v2\/pages\/92","targetHints":{"allow":["GET"]}}],"collection":[{"href":"https:\/\/ppge.im.ufrj.br\/en\/wp-json\/wp\/v2\/pages"}],"about":[{"href":"https:\/\/ppge.im.ufrj.br\/en\/wp-json\/wp\/v2\/types\/page"}],"author":[{"embeddable":true,"href":"https:\/\/ppge.im.ufrj.br\/en\/wp-json\/wp\/v2\/users\/1"}],"replies":[{"embeddable":true,"href":"https:\/\/ppge.im.ufrj.br\/en\/wp-json\/wp\/v2\/comments?post=92"}],"version-history":[{"count":4,"href":"https:\/\/ppge.im.ufrj.br\/en\/wp-json\/wp\/v2\/pages\/92\/revisions"}],"predecessor-version":[{"id":1104,"href":"https:\/\/ppge.im.ufrj.br\/en\/wp-json\/wp\/v2\/pages\/92\/revisions\/1104"}],"wp:attachment":[{"href":"https:\/\/ppge.im.ufrj.br\/en\/wp-json\/wp\/v2\/media?parent=92"}],"curies":[{"name":"wp","href":"https:\/\/api.w.org\/{rel}","templated":true}]}}