{"id":74,"date":"2022-09-05T18:06:15","date_gmt":"2022-09-05T18:06:15","guid":{"rendered":"http:\/\/localhost:8000\/?page_id=74"},"modified":"2026-03-12T02:24:21","modified_gmt":"2026-03-12T02:24:21","slug":"egressos","status":"publish","type":"page","link":"https:\/\/ppge.im.ufrj.br\/en\/egressos\/","title":{"rendered":"Alumni"},"content":{"rendered":"<div class=\"fusion-fullwidth fullwidth-box fusion-builder-row-1 fusion-flex-container has-pattern-background has-mask-background gradient-container-1 nonhundred-percent-fullwidth non-hundred-percent-height-scrolling\" style=\"--awb-border-radius-top-left:0px;--awb-border-radius-top-right:0px;--awb-border-radius-bottom-right:0px;--awb-border-radius-bottom-left:0px;--awb-flex-wrap:wrap;\" ><div class=\"fusion-builder-row fusion-row fusion-flex-align-items-flex-start fusion-flex-content-wrap\" style=\"max-width:1248px;margin-left: calc(-4% \/ 2 );margin-right: calc(-4% \/ 2 );\"><div class=\"fusion-layout-column fusion_builder_column fusion-builder-column-0 fusion_builder_column_1_1 1_1 fusion-flex-column\" style=\"--awb-bg-size:cover;--awb-width-large:100%;--awb-margin-top-large:0px;--awb-spacing-right-large:1.92%;--awb-margin-bottom-large:20px;--awb-spacing-left-large:1.92%;--awb-width-medium:100%;--awb-order-medium:0;--awb-spacing-right-medium:1.92%;--awb-spacing-left-medium:1.92%;--awb-width-small:100%;--awb-order-small:0;--awb-spacing-right-small:1.92%;--awb-spacing-left-small:1.92%;\"><div class=\"fusion-column-wrapper fusion-column-has-shadow fusion-flex-justify-content-flex-start fusion-content-layout-column\"><div class=\"fusion-title title fusion-title-1 sep-underline sep-solid fusion-title-text fusion-title-size-two\" style=\"--awb-sep-color:var(--awb-color6);\"><h2 class=\"fusion-title-heading title-heading-left\" style=\"margin:0;text-shadow:0px #7c7c7c;\"><h2>EGRESSOS<\/h2><\/h2><\/div><\/div><\/div><div class=\"fusion-layout-column fusion_builder_column fusion-builder-column-1 fusion_builder_column_1_2 1_2 fusion-flex-column\" style=\"--awb-padding-right:20px;--awb-padding-left:20px;--awb-bg-size:cover;--awb-box-shadow:4px 4px 30px 0px var(--awb-color3);;--awb-border-color:var(--awb-color5);--awb-border-top:1px;--awb-border-right:1px;--awb-border-bottom:1px;--awb-border-left:1px;--awb-border-style:solid;--awb-width-large:50%;--awb-margin-top-large:0px;--awb-spacing-right-large:3.84%;--awb-margin-bottom-large:20px;--awb-spacing-left-large:3.84%;--awb-width-medium:50%;--awb-order-medium:0;--awb-spacing-right-medium:3.84%;--awb-spacing-left-medium:3.84%;--awb-width-small:100%;--awb-order-small:0;--awb-spacing-right-small:1.92%;--awb-spacing-left-small:1.92%;\" data-scroll-devices=\"small-visibility,medium-visibility,large-visibility\"><div class=\"fusion-column-wrapper fusion-column-has-shadow fusion-flex-justify-content-flex-start fusion-content-layout-column\"><div class=\"fusion-text fusion-text-1\"><h3 data-sider-select-id=\"3d49d03c-807f-4351-9990-9ee13d5e44b3\">Mestrado (desde 2013)<\/h3>\n<ul>\n<li style=\"list-style-type: none;\">\n<ul>\n<li>KAREN YULIETH BARRERA OSPINA (2026)<br \/>\n<i>Doutorando em Estat\u00edstica &#8211; UFRJ<\/i><\/li>\n<\/ul>\n<\/li>\n<\/ul>\n<ul>\n<li style=\"list-style-type: none;\">\n<ul>\n<li>DANIEL DA SILVA SILVEIRA (2026)<br \/>\n<i>Doutorando em Estat\u00edstica &#8211; UFRJ<\/i><\/li>\n<\/ul>\n<\/li>\n<\/ul>\n<ul>\n<li style=\"list-style-type: none;\">\n<ul>\n<li>ANDRE ROBERTO SOUZA MANHAES (2025)<br \/>\n<i>Icatu Seguros<\/i><\/li>\n<\/ul>\n<\/li>\n<\/ul>\n<ul>\n<li style=\"list-style-type: none;\">\n<ul>\n<li>BIANCA MENDES DE LACERDA (2025)<\/li>\n<\/ul>\n<\/li>\n<\/ul>\n<ul>\n<li style=\"list-style-type: none;\">\n<ul>\n<li>ISMAEL SAMPAIO BASTOS (2025)<\/li>\n<\/ul>\n<\/li>\n<\/ul>\n<ul>\n<li style=\"list-style-type: none;\">\n<ul>\n<li>JORGE OSCAR BERLANGA SAEZ (2025)<\/li>\n<\/ul>\n<\/li>\n<\/ul>\n<ul>\n<li style=\"list-style-type: none;\">\n<ul>\n<li>JUAN PABLO ARGOTE OSORIO (2025)<\/li>\n<\/ul>\n<\/li>\n<\/ul>\n<ul>\n<li style=\"list-style-type: none;\">\n<ul>\n<li>KAROLAYNE PEREIRA DESSABATO (2025)<\/li>\n<\/ul>\n<\/li>\n<\/ul>\n<ul>\n<li style=\"list-style-type: none;\">\n<ul>\n<li>LEANDRO DIAS GOMES DE CARVALHO (2025)<\/li>\n<\/ul>\n<\/li>\n<\/ul>\n<ul>\n<li style=\"list-style-type: none;\">\n<ul>\n<li>LUIZ FERNANDO VILLAR DE FIGUEIREDO (2025)<br \/>\n<i>Doutorando em Estat\u00edstica &#8211; UFRJ<\/i><\/li>\n<\/ul>\n<\/li>\n<\/ul>\n<ul>\n<li style=\"list-style-type: none;\">\n<ul>\n<li>LUIZ GUILHERME GONCALVES ARRUDA DE COUTO (2025)<br \/>\n<i>Doutorando em Estat\u00edstica &#8211; UFRJ<\/i><\/li>\n<\/ul>\n<\/li>\n<\/ul>\n<ul>\n<li style=\"list-style-type: none;\">\n<ul>\n<li>LUIZA DO BONFIM ARCE (2025)<\/li>\n<\/ul>\n<\/li>\n<\/ul>\n<ul>\n<li style=\"list-style-type: none;\">\n<ul>\n<li>MARITZA MENDOZA SANCHEZ (2025)<br \/>\n<i>Doutorando em Estat\u00edstica &#8211; UFRJ<\/i><\/li>\n<\/ul>\n<\/li>\n<\/ul>\n<ul>\n<li style=\"list-style-type: none;\">\n<ul>\n<li>PEDRO HENRIQUE NEVES DE OLIVEIRA (2025)<br \/>\n<i>Doutorando em Estat\u00edstica &#8211; UFRJ<\/i><\/li>\n<\/ul>\n<\/li>\n<\/ul>\n<ul>\n<li style=\"list-style-type: none;\"><\/li>\n<li style=\"list-style-type: none;\">\n<ul>\n<li>THIAGO STEPHEM DA MOTTA (2025)<br \/>\n<i>Doutorando em Estat\u00edstica &#8211; UFRJ<\/i><\/li>\n<\/ul>\n<\/li>\n<li style=\"list-style-type: none;\">\n<ul>\n<li>Silvaneo Vieira dos Santos Jr. (2024)<br \/>\n<i>Doutorando &#8211; Department of Statistics and Data Science, The University of Texas at Austin<\/i><\/li>\n<\/ul>\n<\/li>\n<li style=\"list-style-type: none;\"><\/li>\n<\/ul>\n<ul>\n<li style=\"list-style-type: none;\">\n<ul>\n<li>Maria Eduarda Campello Gallo (2024)<\/li>\n<\/ul>\n<\/li>\n<\/ul>\n<ul>\n<li style=\"list-style-type: none;\">\n<ul>\n<li>Natanael Luciano de Matos (2024)<\/li>\n<\/ul>\n<\/li>\n<\/ul>\n<ul>\n<li style=\"list-style-type: none;\">\n<ul>\n<li>Lucas Moura Faria e Silva (2023)<\/li>\n<\/ul>\n<\/li>\n<\/ul>\n<ul>\n<li style=\"list-style-type: none;\">\n<ul>\n<li>Daniel Wurzler Barreto (2023)<br \/>\n<i>Doutorando &#8211; Department of Statistics and Data Science, The University of Texas at Austin<\/i><\/li>\n<\/ul>\n<\/li>\n<\/ul>\n<ul>\n<li style=\"list-style-type: none;\">\n<ul>\n<li>Beatriz Rodrigues Pinna (2023)<br \/>\n<em>Bradesco Seguros<\/em><\/li>\n<\/ul>\n<\/li>\n<\/ul>\n<ul>\n<li style=\"list-style-type: none;\">\n<ul>\n<li>Guilherme dos Santos (2023)<br \/>\n<i>Doutorando em Estat\u00edstica &#8211; UFRJ<\/i><\/li>\n<\/ul>\n<\/li>\n<\/ul>\n<ul>\n<li style=\"list-style-type: none;\">\n<ul>\n<li>Vitor Gabriel Capdeville da Silva (2022)<br \/>\n<em>ESSOR Seguros S.A.<\/em><\/li>\n<\/ul>\n<\/li>\n<\/ul>\n<ul>\n<li style=\"list-style-type: none;\">\n<ul>\n<li>Catarina Dalla&#8217;agnol Zidde (2022)<br \/>\n<em>Data Scientist Sword Health<\/em><\/li>\n<\/ul>\n<\/li>\n<\/ul>\n<ul>\n<li style=\"list-style-type: none;\">\n<ul>\n<li>Natan Freitas Leite (2022)<br \/>\n<em>Business Analist Tino<\/em><\/li>\n<\/ul>\n<\/li>\n<\/ul>\n<ul>\n<li style=\"list-style-type: none;\">\n<ul>\n<li>Maiara Gripp de Souza (2022)<br \/>\n<i>Doutorando em Estat\u00edstica &#8211; UFRJ<\/i><\/li>\n<\/ul>\n<\/li>\n<\/ul>\n<ul>\n<li style=\"list-style-type: none;\">\n<ul>\n<li>Rafael Cabral Fernandez (2022)<br \/>\n<i>Doutorando em Estat\u00edstica &#8211; UFRJ<\/i><\/li>\n<\/ul>\n<\/li>\n<\/ul>\n<ul>\n<li style=\"list-style-type: none;\">\n<ul>\n<li>Clarissa de Oliveira Cavalcanti (2021)<br \/>\n<em>Marinha do Brasil\u00a0<\/em><\/li>\n<\/ul>\n<\/li>\n<\/ul>\n<ul>\n<li style=\"list-style-type: none;\">\n<ul>\n<li>Ruan da Silva Vianna (2021)<br \/>\n<em>DATAPREV<\/em><\/li>\n<\/ul>\n<\/li>\n<\/ul>\n<ul>\n<li style=\"list-style-type: none;\">\n<ul>\n<li>Alana Tavares Viana (2021)<\/li>\n<\/ul>\n<\/li>\n<\/ul>\n<ul>\n<li style=\"list-style-type: none;\">\n<ul>\n<li>Andrew Nery da Silva Cust\u00f3dio (2021)<br \/>\n<em>Instituto de Pesquisas Eldorado<\/em><\/li>\n<\/ul>\n<\/li>\n<\/ul>\n<ul>\n<li style=\"list-style-type: none;\">\n<ul>\n<li>Gabriely Xavier de Rezende (2020)<br \/>\n<em>Data Scientist Globo<\/em><\/li>\n<\/ul>\n<\/li>\n<\/ul>\n<ul>\n<li style=\"list-style-type: none;\">\n<ul>\n<li>H\u00e9lder Jorge Quit\u00e9rio Santiago (2020)<br \/>\n<i>Doutorando em Estat\u00edstica &#8211; UFRJ<\/i><\/li>\n<\/ul>\n<\/li>\n<\/ul>\n<ul>\n<li style=\"list-style-type: none;\">\n<ul>\n<li>Bruno Leonardo dos Santos Nobrega (2020)<\/li>\n<\/ul>\n<\/li>\n<\/ul>\n<ul>\n<li style=\"list-style-type: none;\">\n<ul>\n<li>Victhor Sim\u00f5es Sart\u00f3rio (2020)<br \/>\n<em>Wildlife Studios<\/em><\/li>\n<\/ul>\n<\/li>\n<\/ul>\n<ul>\n<li style=\"list-style-type: none;\">\n<ul>\n<li>Izabel Nolau de Souza (2020)<br \/>\n<i><i>Doutorando em Estat\u00edstica &#8211; UFRJ<\/i><\/i><\/li>\n<\/ul>\n<\/li>\n<\/ul>\n<ul>\n<li style=\"list-style-type: none;\">\n<ul>\n<li>Dimas Soares Lima (2020)<br \/>\n<em>Ifood<\/em><\/li>\n<\/ul>\n<\/li>\n<\/ul>\n<ul>\n<li style=\"list-style-type: none;\">\n<ul>\n<li>Anderson de Oliveira Calixto (2020)<br \/>\n<em>Professor Substituto Universidade Federal Fluminense<\/em><\/li>\n<\/ul>\n<\/li>\n<\/ul>\n<ul>\n<li style=\"list-style-type: none;\">\n<ul>\n<li>Leonara Alves Ces\u00e1rio da Silva (2020)<br \/>\n<em><em><em>Data Scientist Ahoy by Belago<\/em><\/em><\/em><\/li>\n<\/ul>\n<\/li>\n<\/ul>\n<ul>\n<li style=\"list-style-type: none;\">\n<ul>\n<li>Afonso Cesar Borges da Silva (2019)<\/li>\n<\/ul>\n<\/li>\n<\/ul>\n<ul>\n<li style=\"list-style-type: none;\">\n<ul>\n<li>F\u00e1bio Vitor Generosos Vieira (2019)<br \/>\n<i>Doutorando &#8211; Department of Methodology and Statistics, Tilburg University, Netherlands<\/i><\/li>\n<\/ul>\n<\/li>\n<\/ul>\n<ul>\n<li style=\"list-style-type: none;\">\n<ul>\n<li>Yasmin Ferreira Cavalieri (2019)<br \/>\n<i>Doutoranda em Estat\u00edstica &#8211; USP; Professora &#8211; UFF<\/i><\/li>\n<\/ul>\n<\/li>\n<\/ul>\n<ul>\n<li style=\"list-style-type: none;\">\n<ul>\n<li>Marcos Sousa Goulart (2019)<\/li>\n<\/ul>\n<\/li>\n<\/ul>\n<ul>\n<li style=\"list-style-type: none;\">\n<ul>\n<li>Iago Carvalho Cunha (2018)<br \/>\n<i>INMETRO<\/i><\/li>\n<\/ul>\n<\/li>\n<\/ul>\n<ul>\n<li style=\"list-style-type: none;\">\n<ul>\n<li>Lucas Marques Oliveira (2018)<br \/>\n<i>ClearSale<\/i><\/li>\n<\/ul>\n<\/li>\n<\/ul>\n<ul>\n<li style=\"list-style-type: none;\">\n<ul>\n<li>Luiz Eduardo da Silva Gomes (2018)<br \/>\n<i>Assistente de Pesquisa IV &#8211; IPEA<\/i><\/li>\n<\/ul>\n<\/li>\n<\/ul>\n<ul>\n<li style=\"list-style-type: none;\">\n<ul>\n<li>Ra\u00edra Marotta Bastos Vieira (2018)<\/li>\n<\/ul>\n<\/li>\n<\/ul>\n<ul>\n<li style=\"list-style-type: none;\">\n<ul>\n<li>Renato Monteiro Pinha Gomes (2018)<\/li>\n<\/ul>\n<\/li>\n<\/ul>\n<ul>\n<li style=\"list-style-type: none;\">\n<ul>\n<li>Rebecca de Oliveira Souza (2018)<\/li>\n<\/ul>\n<\/li>\n<\/ul>\n<ul>\n<li style=\"list-style-type: none;\">\n<ul>\n<li>Marcus Gerardus Lavagnole Nascimento (2017)<br \/>\n<i>Emap\/FGV<\/i><\/li>\n<\/ul>\n<\/li>\n<\/ul>\n<ul>\n<li style=\"list-style-type: none;\">\n<ul>\n<li>Daniela Buarque de Macedo Souza (2017)<\/li>\n<\/ul>\n<\/li>\n<\/ul>\n<ul>\n<li style=\"list-style-type: none;\">\n<ul>\n<li>Marcos Lima de Oliveira (2017)<\/li>\n<\/ul>\n<\/li>\n<\/ul>\n<ul>\n<li style=\"list-style-type: none;\">\n<ul>\n<li>Angel Anibal Arroyo Hinostroza (2017)<\/li>\n<\/ul>\n<\/li>\n<\/ul>\n<ul>\n<li style=\"list-style-type: none;\">\n<ul>\n<li>S\u00e9rgio Felipe Abreu de Britto Bastos (2017)<br \/>\n<i>Doutorando em Estat\u00edstica &#8211; UFMG<\/i><\/li>\n<\/ul>\n<\/li>\n<\/ul>\n<ul>\n<li style=\"list-style-type: none;\">\n<ul>\n<li>Erika Lorena Huesa Flecha (2017)<\/li>\n<\/ul>\n<\/li>\n<\/ul>\n<ul>\n<li style=\"list-style-type: none;\">\n<ul>\n<li>Widemberg da Silva Nobre (2017)<br \/>\n<i>Professor &#8211; UFRJ<\/i><\/li>\n<\/ul>\n<\/li>\n<\/ul>\n<ul>\n<li style=\"list-style-type: none;\">\n<ul>\n<li>Michel Victor Cardoso S\u00e1 (2016)<br \/>\n<i>Mesa de Volatilidade, Bradesco, SP<\/i><\/li>\n<\/ul>\n<\/li>\n<\/ul>\n<ul>\n<li style=\"list-style-type: none;\">\n<ul>\n<li>Jes\u00fas Eduardo Gamboa Unsihuay (2016)<br \/>\n<i>Professor &#8211; Departmanento de Estad\u00edstica e Inform\u00e1tica, UNALM, PERU<\/i><\/li>\n<\/ul>\n<\/li>\n<\/ul>\n<ul>\n<li style=\"list-style-type: none;\">\n<ul>\n<li>Luiz Fernando Lima Costa (2015)<\/li>\n<\/ul>\n<\/li>\n<\/ul>\n<ul>\n<li style=\"list-style-type: none;\">\n<ul>\n<li>Mariana Raniere Neves (2015)<br \/>\n<i>Teaching Assistant &#8211; Queen Mary University of London<\/i><\/li>\n<\/ul>\n<\/li>\n<\/ul>\n<ul>\n<li style=\"list-style-type: none;\">\n<ul>\n<li>Rafael Santos Erbisti (2015)<br \/>\n<i>Professor &#8211; UFF<\/i><\/li>\n<\/ul>\n<\/li>\n<\/ul>\n<ul>\n<li style=\"list-style-type: none;\">\n<ul>\n<li>Ingrid Christyne Luqett de Oliveira (2015)<br \/>\n<i>IBGE<\/i><\/li>\n<\/ul>\n<\/li>\n<\/ul>\n<ul>\n<li style=\"list-style-type: none;\">\n<ul>\n<li>Rafael Souza dos Santos (2015)<br \/>\n<i>Professor &#8211; UFRJ<\/i><\/li>\n<\/ul>\n<\/li>\n<\/ul>\n<ul>\n<li style=\"list-style-type: none;\">\n<ul>\n<li>Caroline Ponce de Moraes (2015)<\/li>\n<\/ul>\n<\/li>\n<\/ul>\n<ul>\n<li style=\"list-style-type: none;\">\n<ul>\n<li>Carlos Tadeu Pagani Zanini (2015)<br \/>\n<i>Professor &#8211; UFRJ<\/i><\/li>\n<\/ul>\n<\/li>\n<\/ul>\n<ul>\n<li style=\"list-style-type: none;\">\n<ul>\n<li>Rafael Marinho Barcellos (2014)<br \/>\n<i>PETROBRAS<\/i><\/li>\n<\/ul>\n<\/li>\n<\/ul>\n<ul>\n<li style=\"list-style-type: none;\">\n<ul>\n<li>Rafael Jorge Pereira (2014)<\/li>\n<\/ul>\n<\/li>\n<\/ul>\n<ul>\n<li style=\"list-style-type: none;\">\n<ul>\n<li>Nat\u00e1lia Santana Paiva (2014)<\/li>\n<\/ul>\n<\/li>\n<\/ul>\n<ul>\n<li style=\"list-style-type: none;\">\n<ul>\n<li>Viviana das Gra\u00e7as Ribeiro Lobo (2014)<br \/>\n<i>Professora -UFRJ<\/i><\/li>\n<\/ul>\n<\/li>\n<\/ul>\n<ul>\n<li style=\"list-style-type: none;\">\n<ul>\n<li>Eduardo Ferioli Gomes (2014)<br \/>\n<i>Professor &#8211; UFF<\/i><\/li>\n<\/ul>\n<\/li>\n<\/ul>\n<ul>\n<li style=\"list-style-type: none;\">\n<ul>\n<li>Fernando Arag\u00e3o Garcia (2014)<\/li>\n<\/ul>\n<\/li>\n<\/ul>\n<ul>\n<li style=\"list-style-type: none;\">\n<ul>\n<li>Pamela Massiel Chiroque Solano (2014)<\/li>\n<\/ul>\n<\/li>\n<\/ul>\n<ul>\n<li style=\"list-style-type: none;\">\n<ul>\n<li>Teresa Villanueva Caballero (2013)<\/li>\n<\/ul>\n<\/li>\n<\/ul>\n<ul>\n<li style=\"list-style-type: none;\">\n<ul>\n<li>J\u00falia Mendes Vilela (2013)<br \/>\n<i>Analista T\u00e9cnica &#8211; SUSEP<\/i>Mariana del Pilar Lizarazo Osorio (2013)<br \/>\n<i>Professora &#8211; Universidad Central, Colombia<\/i><\/li>\n<\/ul>\n<\/li>\n<\/ul>\n<\/div><\/div><\/div><div class=\"fusion-layout-column fusion_builder_column fusion-builder-column-2 fusion_builder_column_1_2 1_2 fusion-flex-column\" style=\"--awb-padding-right:20px;--awb-padding-left:20px;--awb-bg-size:cover;--awb-box-shadow:4px 4px 30px 0px var(--awb-color3);;--awb-border-color:var(--awb-color5);--awb-border-top:1px;--awb-border-right:1px;--awb-border-bottom:1px;--awb-border-left:1px;--awb-border-style:solid;--awb-width-large:50%;--awb-margin-top-large:0px;--awb-spacing-right-large:3.84%;--awb-margin-bottom-large:20px;--awb-spacing-left-large:3.84%;--awb-width-medium:50%;--awb-order-medium:0;--awb-spacing-right-medium:3.84%;--awb-spacing-left-medium:3.84%;--awb-width-small:100%;--awb-order-small:0;--awb-spacing-right-small:1.92%;--awb-spacing-left-small:1.92%;\" data-scroll-devices=\"small-visibility,medium-visibility,large-visibility\"><div class=\"fusion-column-wrapper fusion-column-has-shadow fusion-flex-justify-content-flex-start fusion-content-layout-column\"><div class=\"fusion-text fusion-text-2\"><h3 data-sider-select-id=\"e35732c9-8dd7-4e04-b9eb-5560a6076702\">Doutorado (desde 2013)<\/h3>\n<ul>\n<li style=\"list-style-type: none;\">\n<ul>\n<li>LUIZ EDUARDO DA SILVA GOMES\u00a0(2026)<\/li>\n<\/ul>\n<\/li>\n<\/ul>\n<ul>\n<li style=\"list-style-type: none;\">\n<ul>\n<li>IZABEL NOLAU DE SOUZA (2025)<br \/>\n<em>MURABEI Data Science<\/em><\/li>\n<\/ul>\n<\/li>\n<\/ul>\n<ul>\n<li style=\"list-style-type: none;\">\n<ul>\n<li>Anderson de Oliveira Calixto (2024)<br \/>\n<em>Professor Substituto &#8211; Universidade Federal Fluminense<\/em><\/li>\n<\/ul>\n<\/li>\n<\/ul>\n<ul>\n<li style=\"list-style-type: none;\">\n<ul>\n<li>Rebecca de Oliveira Souza (2024)<\/li>\n<\/ul>\n<\/li>\n<\/ul>\n<ul>\n<li style=\"list-style-type: none;\">\n<ul>\n<li>Marcus Gerardus Lavagnole Nascimento (2024)<br \/>\n<em>EMAP &#8211; Funda\u00e7\u00e3o Get\u00falio Vargas\u00a0<\/em><\/li>\n<\/ul>\n<\/li>\n<\/ul>\n<ul>\n<li style=\"list-style-type: none;\">\n<ul>\n<li>Rodrigo de Souza Bulhoes (2024)<br \/>\n<em>Professor &#8211; UFBA<\/em><\/li>\n<\/ul>\n<\/li>\n<\/ul>\n<ul>\n<li style=\"list-style-type: none;\">\n<ul>\n<li>Renato Monteiro Pinha Gomes (2023)<\/li>\n<\/ul>\n<\/li>\n<\/ul>\n<ul>\n<li style=\"list-style-type: none;\">\n<ul>\n<li>Marcel de Souza Borges Quintana (2022)<br \/>\n<em>Funda\u00e7\u00e3o Oswaldo Cruz &#8211; FioCruz<\/em><\/li>\n<\/ul>\n<\/li>\n<\/ul>\n<ul>\n<li style=\"list-style-type: none;\">\n<ul>\n<li>Rodrigo Barreto Alves (2022)<\/li>\n<\/ul>\n<\/li>\n<\/ul>\n<ul>\n<li style=\"list-style-type: none;\">\n<ul>\n<li>Jocely Nascimento Lopes (2021)<br \/>\n<em>Professora &#8211; UFAM<\/em><\/li>\n<\/ul>\n<\/li>\n<\/ul>\n<ul>\n<li style=\"list-style-type: none;\">\n<ul>\n<li>Rafael Souza dos Santos (2021)<br \/>\n<em>Professor &#8211; UFRJ<\/em><\/li>\n<\/ul>\n<\/li>\n<\/ul>\n<ul>\n<li style=\"list-style-type: none;\">\n<ul>\n<li>Widemberg da Silva Nobre (2021)<br \/>\n<em>Professor &#8211; UFRJ<\/em><\/li>\n<\/ul>\n<\/li>\n<\/ul>\n<ul>\n<li style=\"list-style-type: none;\">\n<ul>\n<li>Lina Lucia Hernandez Velasco (2020)<br \/>\n<em>Professora &#8211; Universidad Santiago de Cali<\/em><\/li>\n<\/ul>\n<\/li>\n<\/ul>\n<ul>\n<li style=\"list-style-type: none;\">\n<ul>\n<li>Victor Eduardo Leite de Almeida (2020)<br \/>\n<em>Professor &#8211; UFF<\/em><\/li>\n<\/ul>\n<\/li>\n<\/ul>\n<ul>\n<li style=\"list-style-type: none;\">\n<ul>\n<li>Guido Alberti Moreira (2020)<br \/>\n<em>Bavarian-Nordic Regensburg<\/em><\/li>\n<\/ul>\n<\/li>\n<\/ul>\n<ul>\n<li style=\"list-style-type: none;\">\n<ul>\n<li>Estelina Serrano de Marins Capristano (2019)<br \/>\n<i>Professora &#8211; UFF<\/i><\/li>\n<\/ul>\n<\/li>\n<\/ul>\n<ul>\n<li style=\"list-style-type: none;\">\n<ul>\n<li>Rafael Santos Erbisti (2019)<br \/>\n<i>Professor &#8211; UFF<\/i><\/li>\n<\/ul>\n<\/li>\n<\/ul>\n<ul>\n<li style=\"list-style-type: none;\">\n<ul>\n<li>Pamela Massiel Chiroque Solano (2018)<\/li>\n<\/ul>\n<\/li>\n<\/ul>\n<ul>\n<li style=\"list-style-type: none;\">\n<ul>\n<li>Mariela Pent\u00f3n Machado (2018)<\/li>\n<\/ul>\n<\/li>\n<\/ul>\n<ul>\n<li style=\"list-style-type: none;\">\n<ul>\n<li>Mariana del Pilar Lizarazo Osorio (2018)<br \/>\n<i>Professora &#8211; Universidad Central, Colombia<\/i><\/li>\n<\/ul>\n<\/li>\n<\/ul>\n<ul>\n<li style=\"list-style-type: none;\">\n<ul>\n<li>Viviana das Gra\u00e7as Ribeiro Lobo (2018)<br \/>\n<i>Professora &#8211; UFRJ<\/i><\/li>\n<\/ul>\n<\/li>\n<\/ul>\n<ul>\n<li style=\"list-style-type: none;\">\n<ul>\n<li>William Lima Le\u00e3o (2017)<br \/>\n<i>Professor &#8211; UFRJ<\/i><\/li>\n<\/ul>\n<\/li>\n<\/ul>\n<ul>\n<li style=\"list-style-type: none;\">\n<ul>\n<li>Leonel Zuaznabar Moliner (2017)<br \/>\n<i>Aluno de P\u00f3s-Doutorado &#8211; IME\/USP<\/i><\/li>\n<\/ul>\n<\/li>\n<\/ul>\n<ul>\n<li style=\"list-style-type: none;\">\n<ul>\n<li>Renata Souza Bueno (2016)<br \/>\n<i>Professora &#8211; ENCE<\/i><\/li>\n<\/ul>\n<\/li>\n<\/ul>\n<ul>\n<li style=\"list-style-type: none;\">\n<ul>\n<li>Luzia da Costa Tonon Martarelli (2016)<br \/>\n<i>Professor &#8211; UNIRIO<\/i><\/li>\n<\/ul>\n<\/li>\n<\/ul>\n<ul>\n<li style=\"list-style-type: none;\">\n<ul>\n<li>Larissa de Carvalho Alves (2015)<br \/>\n<i>Professora &#8211; ENCE<\/i><\/li>\n<\/ul>\n<\/li>\n<\/ul>\n<ul>\n<li style=\"list-style-type: none;\">\n<ul>\n<li>Aniel Ojeda Alvarez (2015)<br \/>\n<i>Professor &#8211; Miami Dade College<\/i><\/li>\n<\/ul>\n<\/li>\n<\/ul>\n<ul>\n<li style=\"list-style-type: none;\">\n<ul>\n<li>Jo\u00e3o Batista de Morais Pereira (2015)<br \/>\n<i>Professor &#8211; UFRJ<\/i><\/li>\n<\/ul>\n<\/li>\n<\/ul>\n<ul>\n<li style=\"list-style-type: none;\">\n<ul>\n<li>Cristian Andr\u00e9s Cruz Torres (2015)<br \/>\n<i>Professor &#8211; UNITEC, Tegucigalpa, Honduras<\/i><\/li>\n<\/ul>\n<\/li>\n<\/ul>\n<ul>\n<li style=\"list-style-type: none;\">\n<ul>\n<li>Kelly Cristina Mota Gon\u00e7alves (2014)<br \/>\n<i>Professora &#8211; UFRJ<\/i><\/li>\n<\/ul>\n<\/li>\n<\/ul>\n<ul>\n<li style=\"list-style-type: none;\">\n<ul>\n<li>Josiane da Silva Cordeiro Coelho (2014)<br \/>\n<i>Professora &#8211; UFRRJ<\/i><\/li>\n<\/ul>\n<\/li>\n<\/ul>\n<ul>\n<li style=\"list-style-type: none;\">\n<ul>\n<li>Jony Arrais Pinto Junior (2014)<br \/>\n<i>Professor &#8211; UFF<\/i><\/li>\n<\/ul>\n<\/li>\n<\/ul>\n<ul>\n<li style=\"list-style-type: none;\">\n<ul>\n<li>Patr\u00edcia Lusie Velozo da Costa (2014)<br \/>\n<i>Professora &#8211; UFF<\/i><\/li>\n<\/ul>\n<\/li>\n<\/ul>\n<ul>\n<li style=\"list-style-type: none;\">\n<ul>\n<li>Gustavo da Silva Ferreira (2013)<br \/>\n<i>Professor &#8211; ENCE<\/i><\/li>\n<\/ul>\n<\/li>\n<\/ul>\n<ul>\n<li style=\"list-style-type: none;\">\n<ul>\n<li>Felipe Rafael Ribeiro Melo (2013)<br \/>\n<i>Professor &#8211; UNIRIO<\/i><\/li>\n<\/ul>\n<\/li>\n<\/ul>\n<ul>\n<li style=\"list-style-type: none;\">\n<ul>\n<li>Mariana Albi de Oliveira Souza (2013)<br \/>\n<i>Professora &#8211; UFF<\/i>Alexandre Sousa da Silva (2012)<br \/>\n<i>Professor &#8211; UNIRIO<\/i><\/li>\n<\/ul>\n<\/li>\n<\/ul>\n<\/div><\/div><\/div><\/div><\/div>","protected":false},"excerpt":{"rendered":"","protected":false},"author":1,"featured_media":0,"parent":0,"menu_order":0,"comment_status":"closed","ping_status":"open","template":"100-width.php","meta":{"footnotes":""},"class_list":["post-74","page","type-page","status-publish","hentry"],"_links":{"self":[{"href":"https:\/\/ppge.im.ufrj.br\/en\/wp-json\/wp\/v2\/pages\/74","targetHints":{"allow":["GET"]}}],"collection":[{"href":"https:\/\/ppge.im.ufrj.br\/en\/wp-json\/wp\/v2\/pages"}],"about":[{"href":"https:\/\/ppge.im.ufrj.br\/en\/wp-json\/wp\/v2\/types\/page"}],"author":[{"embeddable":true,"href":"https:\/\/ppge.im.ufrj.br\/en\/wp-json\/wp\/v2\/users\/1"}],"replies":[{"embeddable":true,"href":"https:\/\/ppge.im.ufrj.br\/en\/wp-json\/wp\/v2\/comments?post=74"}],"version-history":[{"count":24,"href":"https:\/\/ppge.im.ufrj.br\/en\/wp-json\/wp\/v2\/pages\/74\/revisions"}],"predecessor-version":[{"id":1821,"href":"https:\/\/ppge.im.ufrj.br\/en\/wp-json\/wp\/v2\/pages\/74\/revisions\/1821"}],"wp:attachment":[{"href":"https:\/\/ppge.im.ufrj.br\/en\/wp-json\/wp\/v2\/media?parent=74"}],"curies":[{"name":"wp","href":"https:\/\/api.w.org\/{rel}","templated":true}]}}