{"id":68,"date":"2022-09-05T18:04:31","date_gmt":"2022-09-05T18:04:31","guid":{"rendered":"http:\/\/localhost:8000\/?page_id=68"},"modified":"2025-11-17T21:29:22","modified_gmt":"2025-11-17T21:29:22","slug":"formularios-e-informacoes","status":"publish","type":"page","link":"https:\/\/ppge.im.ufrj.br\/en\/formularios-e-informacoes\/","title":{"rendered":"Forms and information"},"content":{"rendered":"<p><div class=\"fusion-fullwidth fullwidth-box fusion-builder-row-1 fusion-flex-container has-pattern-background has-mask-background gradient-container-1 nonhundred-percent-fullwidth non-hundred-percent-height-scrolling\" style=\"--awb-border-radius-top-left:0px;--awb-border-radius-top-right:0px;--awb-border-radius-bottom-right:0px;--awb-border-radius-bottom-left:0px;--awb-flex-wrap:wrap;\" ><div class=\"fusion-builder-row fusion-row fusion-flex-align-items-flex-start fusion-flex-content-wrap\" style=\"max-width:1248px;margin-left: calc(-4% \/ 2 );margin-right: calc(-4% \/ 2 );\"><div class=\"fusion-layout-column fusion_builder_column fusion-builder-column-0 fusion_builder_column_1_1 1_1 fusion-flex-column\" style=\"--awb-bg-size:cover;--awb-width-large:100%;--awb-margin-top-large:0px;--awb-spacing-right-large:1.92%;--awb-margin-bottom-large:20px;--awb-spacing-left-large:1.92%;--awb-width-medium:100%;--awb-order-medium:0;--awb-spacing-right-medium:1.92%;--awb-spacing-left-medium:1.92%;--awb-width-small:100%;--awb-order-small:0;--awb-spacing-right-small:1.92%;--awb-spacing-left-small:1.92%;\"><div class=\"fusion-column-wrapper fusion-column-has-shadow fusion-flex-justify-content-flex-start fusion-content-layout-column\"><div class=\"fusion-title title fusion-title-1 sep-underline sep-solid fusion-title-text fusion-title-size-two\" style=\"--awb-sep-color:var(--awb-color6);\"><h2 class=\"fusion-title-heading title-heading-left\" style=\"margin:0;text-transform:uppercase;text-shadow:0px #282828;\">Formul\u00e1rios e Informa\u00e7\u00f5es<\/h2><\/div><\/div><\/div><\/div><\/div><div class=\"fusion-fullwidth fullwidth-box fusion-builder-row-2 fusion-flex-container has-pattern-background has-mask-background gradient-container-2 nonhundred-percent-fullwidth non-hundred-percent-height-scrolling\" style=\"--awb-border-radius-top-left:0px;--awb-border-radius-top-right:0px;--awb-border-radius-bottom-right:0px;--awb-border-radius-bottom-left:0px;--awb-flex-wrap:wrap;\" ><div class=\"fusion-builder-row fusion-row fusion-flex-align-items-flex-start fusion-flex-content-wrap\" style=\"max-width:1248px;margin-left: calc(-4% \/ 2 );margin-right: calc(-4% \/ 2 );\"><div class=\"fusion-layout-column fusion_builder_column fusion-builder-column-1 fusion_builder_column_1_1 1_1 fusion-flex-column\" style=\"--awb-bg-size:cover;--awb-width-large:100%;--awb-margin-top-large:0px;--awb-spacing-right-large:1.92%;--awb-margin-bottom-large:20px;--awb-spacing-left-large:1.92%;--awb-width-medium:100%;--awb-order-medium:0;--awb-spacing-right-medium:1.92%;--awb-spacing-left-medium:1.92%;--awb-width-small:100%;--awb-order-small:0;--awb-spacing-right-small:1.92%;--awb-spacing-left-small:1.92%;\"><div class=\"fusion-column-wrapper fusion-column-has-shadow fusion-flex-justify-content-flex-start fusion-content-layout-column\"><div class=\"fusion-text fusion-text-1\"><h5>Selection<\/h5>\n<p>Inscri\u00e7\u00f5es abertas de<strong> 17 de outubro a 9 de novembro de 2025<\/strong>. Acesse\u00a0<a href=\"https:\/\/ppge.im.ufrj.br\/wp-content\/uploads\/2025\/11\/PPGE_Edital_2026-retificado-final.docx-Documentos-Google-1.pdf\" target=\"_blank\" rel=\"noopener\">aqui<\/a> o edital (com corre\u00e7\u00f5es ap\u00f3s a\u00a0<a href=\"https:\/\/ppge.im.ufrj.br\/wp-content\/uploads\/2025\/11\/SEI_6040440_Edital_924.pdf\">retifica\u00e7\u00e3o<\/a>).<\/p>\n<h5>Formul\u00e1rios<\/h5>\n<ul>\n<li><a href=\"https:\/\/ppge.im.ufrj.br\/wp-content\/uploads\/2024\/11\/InscricaoMestrado.doc\" rel=\"noopener\">Master\u2019s Degree<\/a><\/li>\n<li><a href=\"https:\/\/ppge.im.ufrj.br\/wp-content\/uploads\/2024\/11\/InscricaoDoutorado.doc\" rel=\"noopener\">Doctorate<\/a><\/li>\n<\/ul>\n<h5>Bolsas<\/h5>\n<p>O programa recebe bolsas para os alunos das ag\u00eancias CNPq, CAPES e FAPERJ. Nos \u00faltimos anos, quase todos os alunos matriculados em dedica\u00e7\u00e3o exclusiva receberam bolsa de estudos.<\/p>\n<p>O valor atual das bolsas \u00e9<\/p>\n<ul>\n<li>Mestrado \u2013 R$ 2.100,00<\/li>\n<li>Doutorado \u2013 R$ 3.100,00<\/li>\n<\/ul>\n<p>Para fazer jus a elas, o aluno deve se dedicar de forma integral ao curso, assinando compromisso para esse fim.<\/p>\n<h5>Acomoda\u00e7\u00e3o<\/h5>\n<p>A UFRJ n\u00e3o disp\u00f5e ainda de um servi\u00e7o de acomoda\u00e7\u00e3o para auxiliar alunos sem resid\u00eancia na cidade do Rio de Janeiro. Entretanto, devido ao alto n\u00famero de alunos que recebemos de outras regi\u00f5es, foi formada pelos alunos ao longo dos tempos uma rede informal contendo informa\u00e7\u00f5es \u00fateis sobre loca\u00e7\u00e3o de im\u00f3veis (locat\u00e1rios, sites, etc). Alunos interessados em obter essas informa\u00e7\u00f5es devem entrar em contato com a Secretaria de P\u00f3s-Gradua\u00e7\u00e3o do IM-UFRJ, que encaminhar\u00e1 o assunto.<\/p>\n<h5>Provas antigas<\/h5>\n<p>Provas antigas podem ser encontradas\u00a0<a href=\"https:\/\/drive.google.com\/drive\/folders\/116p3GZz4n6TEMiFG--xkv0sfFdJ4znHd?usp=sharing\">aqui<\/a><\/p>\n<h5>Contact<\/h5>\n<p>Informa\u00e7\u00f5es adicionais podem ser obtidas junto \u00e0 Secretaria da P\u00f3s-gradua\u00e7\u00e3o do IM.<\/p>\n<p>Endere\u00e7o para contato:<br \/>\nSecretaria de P\u00f3s-Gradua\u00e7\u00e3o<br \/>\nIM-UFRJ<br \/>\nAv. Athos da Silveira Ramos, Edif\u00edcio do Centro de Tecnologia,<br \/>\nBloco B, Sala B107<br \/>\nIM-UFRJ<br \/>\nCaixa Postal 68530<br \/>\n21941-909 Rio de Janeiro, RJ<br \/>\nTel.: (21) 3938 7400<br \/>\nE-mail:\u00a0<a href=\"mailto:posgrad@im.ufrj.br\" target=\"_blank\" rel=\"noopener\">posgrad@im.ufrj.br<\/a><\/p>\n<\/div><\/div><\/div><\/div><\/div><\/p>","protected":false},"excerpt":{"rendered":"","protected":false},"author":1,"featured_media":0,"parent":0,"menu_order":0,"comment_status":"closed","ping_status":"open","template":"100-width.php","meta":{"footnotes":""},"class_list":["post-68","page","type-page","status-publish","hentry"],"_links":{"self":[{"href":"https:\/\/ppge.im.ufrj.br\/en\/wp-json\/wp\/v2\/pages\/68","targetHints":{"allow":["GET"]}}],"collection":[{"href":"https:\/\/ppge.im.ufrj.br\/en\/wp-json\/wp\/v2\/pages"}],"about":[{"href":"https:\/\/ppge.im.ufrj.br\/en\/wp-json\/wp\/v2\/types\/page"}],"author":[{"embeddable":true,"href":"https:\/\/ppge.im.ufrj.br\/en\/wp-json\/wp\/v2\/users\/1"}],"replies":[{"embeddable":true,"href":"https:\/\/ppge.im.ufrj.br\/en\/wp-json\/wp\/v2\/comments?post=68"}],"version-history":[{"count":14,"href":"https:\/\/ppge.im.ufrj.br\/en\/wp-json\/wp\/v2\/pages\/68\/revisions"}],"predecessor-version":[{"id":1620,"href":"https:\/\/ppge.im.ufrj.br\/en\/wp-json\/wp\/v2\/pages\/68\/revisions\/1620"}],"wp:attachment":[{"href":"https:\/\/ppge.im.ufrj.br\/en\/wp-json\/wp\/v2\/media?parent=68"}],"curies":[{"name":"wp","href":"https:\/\/api.w.org\/{rel}","templated":true}]}}