{"id":638,"date":"2024-09-25T14:30:26","date_gmt":"2024-09-25T14:30:26","guid":{"rendered":"http:\/\/localhost:8000\/?page_id=638"},"modified":"2025-04-14T17:45:51","modified_gmt":"2025-04-14T17:45:51","slug":"dani-gamerman","status":"publish","type":"page","link":"https:\/\/ppge.im.ufrj.br\/en\/dani-gamerman\/","title":{"rendered":"Dani Gamerman"},"content":{"rendered":"<p><div class=\"fusion-fullwidth fullwidth-box fusion-builder-row-1 fusion-flex-container has-pattern-background has-mask-background gradient-container-1 nonhundred-percent-fullwidth non-hundred-percent-height-scrolling\" style=\"--awb-border-radius-top-left:0px;--awb-border-radius-top-right:0px;--awb-border-radius-bottom-right:0px;--awb-border-radius-bottom-left:0px;--awb-flex-wrap:wrap;\" ><div class=\"fusion-builder-row fusion-row fusion-flex-align-items-flex-start fusion-flex-content-wrap\" style=\"max-width:1248px;margin-left: calc(-4% \/ 2 );margin-right: calc(-4% \/ 2 );\"><div class=\"fusion-layout-column fusion_builder_column fusion-builder-column-0 fusion_builder_column_1_1 1_1 fusion-flex-column\" style=\"--awb-bg-size:cover;--awb-width-large:100%;--awb-margin-top-large:0px;--awb-spacing-right-large:1.92%;--awb-margin-bottom-large:20px;--awb-spacing-left-large:1.92%;--awb-width-medium:100%;--awb-order-medium:0;--awb-spacing-right-medium:1.92%;--awb-spacing-left-medium:1.92%;--awb-width-small:100%;--awb-order-small:0;--awb-spacing-right-small:1.92%;--awb-spacing-left-small:1.92%;\"><div class=\"fusion-column-wrapper fusion-column-has-shadow fusion-flex-justify-content-flex-start fusion-content-layout-column\"><div class=\"fusion-title title fusion-title-1 sep-underline sep-solid fusion-title-text fusion-title-size-two\" style=\"--awb-sep-color:var(--awb-color6);\"><h2 class=\"fusion-title-heading title-heading-left\" style=\"margin:0;text-transform:uppercase;text-shadow:0px #282828;\"><p id=\"titlebar-title\">Dani Gamerman<\/p><\/h2><\/div><div class=\"fusion-separator fusion-full-width-sep\" style=\"align-self: center;margin-left: auto;margin-right: auto;margin-top:20px;margin-bottom:10px;width:100%;\"><\/div><\/div><\/div><\/div><\/div><div class=\"fusion-fullwidth fullwidth-box fusion-builder-row-2 fusion-flex-container has-pattern-background has-mask-background gradient-container-2 nonhundred-percent-fullwidth non-hundred-percent-height-scrolling\" style=\"--awb-border-radius-top-left:0px;--awb-border-radius-top-right:0px;--awb-border-radius-bottom-right:0px;--awb-border-radius-bottom-left:0px;--awb-flex-wrap:wrap;\" ><div class=\"fusion-builder-row fusion-row fusion-flex-align-items-flex-start fusion-flex-content-wrap\" style=\"max-width:1248px;margin-left: calc(-4% \/ 2 );margin-right: calc(-4% \/ 2 );\"><div class=\"fusion-layout-column fusion_builder_column fusion-builder-column-1 fusion_builder_column_1_3 1_3 fusion-flex-column\" style=\"--awb-bg-size:cover;--awb-box-shadow:4px 4px 30px 0px var(--awb-color3);;--awb-border-color:var(--awb-color5);--awb-border-top:1px;--awb-border-right:1px;--awb-border-bottom:1px;--awb-border-left:1px;--awb-border-style:solid;--awb-width-large:33.333333333333%;--awb-margin-top-large:0px;--awb-spacing-right-large:5.76%;--awb-margin-bottom-large:20px;--awb-spacing-left-large:5.76%;--awb-width-medium:33.333333333333%;--awb-order-medium:0;--awb-spacing-right-medium:5.76%;--awb-spacing-left-medium:5.76%;--awb-width-small:100%;--awb-order-small:0;--awb-spacing-right-small:1.92%;--awb-spacing-left-small:1.92%;\" data-scroll-devices=\"small-visibility,medium-visibility,large-visibility\"><div class=\"fusion-column-wrapper fusion-column-has-shadow fusion-flex-justify-content-flex-start fusion-content-layout-column\"><div class=\"fusion-text fusion-text-1\"><table border=\"0\" width=\"101%\" cellspacing=\"0\" cellpadding=\"5\">\n<tbody>\n<tr>\n<td bgcolor=\"#EDEACB\"><img decoding=\"async\" class=\"aligncenter wp-image-639 size-full\" src=\"https:\/\/ppge.im.ufrj.br\/wp-content\/uploads\/2024\/09\/docentes_dani.jpg\" alt=\"\" width=\"350\" height=\"393\" srcset=\"https:\/\/ppge.im.ufrj.br\/wp-content\/uploads\/2024\/09\/docentes_dani-200x225.jpg 200w, https:\/\/ppge.im.ufrj.br\/wp-content\/uploads\/2024\/09\/docentes_dani-267x300.jpg 267w, https:\/\/ppge.im.ufrj.br\/wp-content\/uploads\/2024\/09\/docentes_dani.jpg 350w\" sizes=\"(max-width: 350px) 100vw, 350px\" \/><\/td>\n<\/tr>\n<tr>\n<td align=\"center\" bgcolor=\"#EDEACB\"><a href=\"http:\/\/lattes.cnpq.br\/9116864917971678\" target=\"_blank\" rel=\"noopener\"><img decoding=\"async\" class=\"alignnone wp-image-613 size-full\" src=\"https:\/\/ppge.im.ufrj.br\/wp-content\/uploads\/2024\/09\/icon_lattes2.png\" alt=\"\" width=\"37\" height=\"36\" \/><\/a>\u00a0 <a href=\"mailto:dani@im.ufrj.br\" target=\"_blank\" rel=\"noopener\"><img decoding=\"async\" class=\"alignnone wp-image-612\" src=\"https:\/\/ppge.im.ufrj.br\/wp-content\/uploads\/2024\/09\/icon_mail.png\" alt=\"\" width=\"35\" height=\"35\" \/><\/a>\u00a0 \u00a0<a href=\"https:\/\/sites.google.com\/view\/danigamerman\" target=\"_blank\" rel=\"noopener\"><img decoding=\"async\" class=\"alignnone wp-image-614\" src=\"https:\/\/ppge.im.ufrj.br\/wp-content\/uploads\/2024\/09\/icon_wwwl.png\" alt=\"\" width=\"35\" height=\"35\" \/><\/a><\/td>\n<\/tr>\n<\/tbody>\n<\/table>\n<\/div><\/div><\/div><div class=\"fusion-layout-column fusion_builder_column fusion-builder-column-2 fusion_builder_column_2_3 2_3 fusion-flex-column\" style=\"--awb-padding-right:20px;--awb-padding-bottom:20px;--awb-padding-left:20px;--awb-bg-size:cover;--awb-box-shadow:4px 4px 30px 0px var(--awb-color3);;--awb-border-color:var(--awb-color5);--awb-border-top:1px;--awb-border-right:1px;--awb-border-bottom:1px;--awb-border-left:1px;--awb-border-style:solid;--awb-width-large:66.666666666667%;--awb-margin-top-large:0px;--awb-spacing-right-large:2.88%;--awb-margin-bottom-large:20px;--awb-spacing-left-large:2.88%;--awb-width-medium:66.666666666667%;--awb-order-medium:0;--awb-spacing-right-medium:2.88%;--awb-spacing-left-medium:2.88%;--awb-width-small:100%;--awb-order-small:0;--awb-spacing-right-small:1.92%;--awb-spacing-left-small:1.92%;\" data-scroll-devices=\"small-visibility,medium-visibility,large-visibility\"><div class=\"fusion-column-wrapper fusion-column-has-shadow fusion-flex-justify-content-flex-start fusion-content-layout-column\"><div class=\"fusion-text fusion-text-2\"><h4>Posi\u00e7\u00e3o Acad\u00eamica<\/h4>\n<p>Professor Em\u00e9rito<br \/>\nUFRJ<\/p>\n<p>Bolsista de Produtividade em Pesquisa do CNPq \u2013 N\u00edvel 1B<\/p>\n<h4>Forma\u00e7\u00e3o Acad\u00eamica<\/h4>\n<table border=\"0\" width=\"100%\" cellspacing=\"0\" cellpadding=\"0\">\n<tbody>\n<tr>\n<td valign=\"top\">\n<h5><strong>T\u00edtulo<\/strong><\/h5>\n<p>Doutorado em Estat\u00edstica<\/p>\n<p>Mestrado em Estat\u00edstica<\/p>\n<p>Gradua\u00e7\u00e3o em ngenharia Mec\u00e2nica<\/td>\n<td valign=\"top\">\n<h5><strong>Institui\u00e7\u00e3o<\/strong><\/h5>\n<p>Warwick \u2013 UK<\/p>\n<p>IMPA \u2013 Brasil<\/p>\n<p>IME \u2013 Brasil<\/td>\n<td valign=\"top\">\n<h5><strong>Conclus\u00e3o<\/strong><\/h5>\n<p>1987<\/p>\n<p>1983<\/p>\n<p>1980<\/td>\n<\/tr>\n<\/tbody>\n<\/table>\n<h4>\u00c1reas de Interesse<\/h4>\n<div class=\"auto-format fx--fadein-rtl ui--animation-fire\">\n<ul>\n<li>Modelos Din\u00e2micos<\/li>\n<li>An\u00e1lise de Sobreviv\u00eancia<\/li>\n<li>Estat\u00edstica Espacial<\/li>\n<li>Teoria dos Valores Extremos<\/li>\n<li>Computa\u00e7\u00e3o Bayesiana<\/li>\n<\/ul>\n<\/div>\n<\/div><\/div><\/div><\/div><\/div><\/p>","protected":false},"excerpt":{"rendered":"","protected":false},"author":1,"featured_media":0,"parent":0,"menu_order":0,"comment_status":"closed","ping_status":"open","template":"100-width.php","meta":{"footnotes":""},"class_list":["post-638","page","type-page","status-publish","hentry"],"_links":{"self":[{"href":"https:\/\/ppge.im.ufrj.br\/en\/wp-json\/wp\/v2\/pages\/638","targetHints":{"allow":["GET"]}}],"collection":[{"href":"https:\/\/ppge.im.ufrj.br\/en\/wp-json\/wp\/v2\/pages"}],"about":[{"href":"https:\/\/ppge.im.ufrj.br\/en\/wp-json\/wp\/v2\/types\/page"}],"author":[{"embeddable":true,"href":"https:\/\/ppge.im.ufrj.br\/en\/wp-json\/wp\/v2\/users\/1"}],"replies":[{"embeddable":true,"href":"https:\/\/ppge.im.ufrj.br\/en\/wp-json\/wp\/v2\/comments?post=638"}],"version-history":[{"count":5,"href":"https:\/\/ppge.im.ufrj.br\/en\/wp-json\/wp\/v2\/pages\/638\/revisions"}],"predecessor-version":[{"id":1355,"href":"https:\/\/ppge.im.ufrj.br\/en\/wp-json\/wp\/v2\/pages\/638\/revisions\/1355"}],"wp:attachment":[{"href":"https:\/\/ppge.im.ufrj.br\/en\/wp-json\/wp\/v2\/media?parent=638"}],"curies":[{"name":"wp","href":"https:\/\/api.w.org\/{rel}","templated":true}]}}