{"id":63,"date":"2022-09-05T18:02:44","date_gmt":"2022-09-05T18:02:44","guid":{"rendered":"http:\/\/localhost:8000\/?page_id=63"},"modified":"2026-03-11T22:20:38","modified_gmt":"2026-03-11T22:20:38","slug":"disciplinas-quadro","status":"publish","type":"page","link":"https:\/\/ppge.im.ufrj.br\/en\/disciplinas-quadro\/","title":{"rendered":"Disciplinas: quadro"},"content":{"rendered":"<p><div class=\"fusion-fullwidth fullwidth-box fusion-builder-row-1 fusion-flex-container has-pattern-background has-mask-background gradient-container-1 nonhundred-percent-fullwidth non-hundred-percent-height-scrolling\" style=\"--awb-border-radius-top-left:0px;--awb-border-radius-top-right:0px;--awb-border-radius-bottom-right:0px;--awb-border-radius-bottom-left:0px;--awb-flex-wrap:wrap;\" ><div class=\"fusion-builder-row fusion-row fusion-flex-align-items-flex-start fusion-flex-content-wrap\" style=\"max-width:1248px;margin-left: calc(-4% \/ 2 );margin-right: calc(-4% \/ 2 );\"><div class=\"fusion-layout-column fusion_builder_column fusion-builder-column-0 fusion_builder_column_1_1 1_1 fusion-flex-column\" style=\"--awb-bg-size:cover;--awb-width-large:100%;--awb-margin-top-large:0px;--awb-spacing-right-large:1.92%;--awb-margin-bottom-large:20px;--awb-spacing-left-large:1.92%;--awb-width-medium:100%;--awb-order-medium:0;--awb-spacing-right-medium:1.92%;--awb-spacing-left-medium:1.92%;--awb-width-small:100%;--awb-order-small:0;--awb-spacing-right-small:1.92%;--awb-spacing-left-small:1.92%;\"><div class=\"fusion-column-wrapper fusion-column-has-shadow fusion-flex-justify-content-flex-start fusion-content-layout-column\"><div class=\"fusion-title title fusion-title-1 sep-underline sep-solid fusion-title-text fusion-title-size-two\" style=\"--awb-sep-color:var(--awb-color6);\"><h2 class=\"fusion-title-heading title-heading-left\" style=\"margin:0;text-transform:uppercase;text-shadow:0px #282828;\">Quadro de Disciplinas<\/h2><\/div><div class=\"fusion-separator fusion-full-width-sep\" style=\"align-self: center;margin-left: auto;margin-right: auto;margin-top:20px;margin-bottom:10px;width:100%;\"><\/div><\/div><\/div><\/div><\/div><div class=\"fusion-fullwidth fullwidth-box fusion-builder-row-2 fusion-flex-container has-pattern-background has-mask-background gradient-container-2 nonhundred-percent-fullwidth non-hundred-percent-height-scrolling\" style=\"--awb-border-radius-top-left:0px;--awb-border-radius-top-right:0px;--awb-border-radius-bottom-right:0px;--awb-border-radius-bottom-left:0px;--awb-flex-wrap:wrap;\" ><div class=\"fusion-builder-row fusion-row fusion-flex-align-items-flex-start fusion-flex-content-wrap\" style=\"max-width:1248px;margin-left: calc(-4% \/ 2 );margin-right: calc(-4% \/ 2 );\"><div class=\"fusion-layout-column fusion_builder_column fusion-builder-column-1 fusion_builder_column_1_1 1_1 fusion-flex-column\" style=\"--awb-bg-size:cover;--awb-width-large:100%;--awb-margin-top-large:0px;--awb-spacing-right-large:1.92%;--awb-margin-bottom-large:20px;--awb-spacing-left-large:1.92%;--awb-width-medium:100%;--awb-order-medium:0;--awb-spacing-right-medium:1.92%;--awb-spacing-left-medium:1.92%;--awb-width-small:100%;--awb-order-small:0;--awb-spacing-right-small:1.92%;--awb-spacing-left-small:1.92%;\"><div class=\"fusion-column-wrapper fusion-column-has-shadow fusion-flex-justify-content-flex-start fusion-content-layout-column\"><div class=\"fusion-text fusion-text-1\"><h3>1\u00ba semestre de 2025<\/h3>\n<table width=\"100%\" cellspacing=\"0\" cellpadding=\"10\" align=\"center\">\n<tbody>\n<tr>\n<td bgcolor=\"#dbd7b3\" height=\"25\"><span class=\"style2\" style=\"font-weight: bold;\">\u00a0DISCIPLINA<\/span><\/td>\n<td bgcolor=\"#dbd7b3\"><span class=\"style2\" style=\"font-weight: bold;\">C\u00d3DIGO<\/span><\/td>\n<td bgcolor=\"#dbd7b3\"><span class=\"style2\" style=\"font-weight: bold;\">PROFESSOR(A)<\/span><\/td>\n<td bgcolor=\"#dbd7b3\"><span class=\"style2\" style=\"font-weight: bold;\">HOR\u00c1RIO<\/span><\/td>\n<td bgcolor=\"#dbd7b3\"><span class=\"style2\" style=\"font-weight: bold;\">SALA<\/span><\/td>\n<td bgcolor=\"#dbd7b3\"><span class=\"style2\" style=\"font-weight: bold;\">PER\u00cdODO<\/span><\/td>\n<td bgcolor=\"#dbd7b3\"><span class=\"style2\" style=\"font-weight: bold;\">CURSO<\/span><\/td>\n<\/tr>\n<tr>\n<td bgcolor=\"#EBEBEB\"><span class=\"style2\">Infer\u00eancia Estat\u00edstica<br \/>\n<\/span><\/td>\n<td bgcolor=\"#EBEBEB\"><span class=\"style2\">MAD781<\/span><\/td>\n<td bgcolor=\"#EBEBEB\"><span class=\"style2\">Carlos Antonio Abanto-Valle<\/span><\/td>\n<td bgcolor=\"#EBEBEB\"><span class=\"style2\">Seg, Qua, Sex 10:00-12:00<\/span><\/td>\n<td bgcolor=\"#EBEBEB\"><span class=\"style2\">B-108-B<\/span><\/td>\n<td bgcolor=\"#EBEBEB\"><span class=\"style2\"> 2025-1-0<\/span><\/td>\n<td bgcolor=\"#EBEBEB\"><span class=\"style2\">Mestrado em Estat\u00edstica<\/span><\/td>\n<\/tr>\n<tr>\n<td bgcolor=\"#eeecd5\"><span class=\"style2\"> Teoria das Probabilidades<br \/>\n<\/span><\/td>\n<td bgcolor=\"#eeecd5\"><span class=\"style2\">MAD790<\/span><\/td>\n<td bgcolor=\"#eeecd5\"><span class=\"style2\">Maria Eulalia Vares<\/span><\/td>\n<td bgcolor=\"#eeecd5\"><span class=\"style2\">Seg, Qua, Sex 8:00-10:00<\/span><\/td>\n<td bgcolor=\"#eeecd5\"><span class=\"style2\">B-108-B<\/span><\/td>\n<td bgcolor=\"#eeecd5\"><span class=\"style2\"> 2025-1-0<\/span><\/td>\n<td bgcolor=\"#eeecd5\"><span class=\"style2\">Mestrado em Estat\u00edstica<\/span><\/td>\n<\/tr>\n<tr>\n<td bgcolor=\"#EBEBEB\"><span class=\"style2\"><a href=\"https:\/\/drive.google.com\/file\/d\/1ejtTixRXxoVRDK9iIgqmRajZxVefm_0x\/view?usp=drive_link\">Semin\u00e1rio de Doutorado<\/a><br \/>\n<\/span><\/td>\n<td bgcolor=\"#EBEBEB\"><span class=\"style2\">MAD803<\/span><\/td>\n<td bgcolor=\"#EBEBEB\"><span class=\"style2\">Kelly Cristina<\/span><\/td>\n<td bgcolor=\"#EBEBEB\"><span class=\"style2\">Qua 10:00-12:00<\/span><\/td>\n<td bgcolor=\"#EBEBEB\"><span class=\"style2\">I-044-B<\/span><\/td>\n<td bgcolor=\"#EBEBEB\"><span class=\"style2\"> 2025-1-0<\/span><\/td>\n<td bgcolor=\"#EBEBEB\"><span class=\"style2\">Doutorado em Estat\u00edstica<\/span><\/td>\n<\/tr>\n<tr>\n<td bgcolor=\"#eeecd5\"><span class=\"style2\"><br \/>\nProbabilidade Avan\u00e7ada I<\/span><\/td>\n<td bgcolor=\"#eeecd5\"><span class=\"style2\">MAD851<\/span><\/td>\n<td bgcolor=\"#eeecd5\"><span class=\"style2\">Giulio Iacobelli<\/span><\/td>\n<td bgcolor=\"#eeecd5\"><span class=\"style2\">Seg, Qua 10:00-12:00<\/span><\/td>\n<td bgcolor=\"#eeecd5\"><span class=\"style2\">C-100-B<\/span><\/td>\n<td bgcolor=\"#eeecd5\"><span class=\"style2\"> 2025-1-0<\/span><\/td>\n<td bgcolor=\"#eeecd5\"><span class=\"style2\">Doutorado em Estat\u00edstica<\/span><\/td>\n<\/tr>\n<tr>\n<td bgcolor=\"#EBEBEB\"><span class=\"style2\">Modelos Din\u00e2micos<\/span><\/td>\n<td bgcolor=\"#EBEBEB\">MAD796<\/td>\n<td bgcolor=\"#EBEBEB\">Mariane Alves<\/td>\n<td bgcolor=\"#EBEBEB\"><span class=\"style2\">Seg 13:00-15:00<br \/>\nSex 15:00-17:00<\/span><\/td>\n<td bgcolor=\"#EBEBEB\"><span class=\"style2\">Seg B-106-B<br \/>\nSex B-108-A<\/span><\/td>\n<td bgcolor=\"#EBEBEB\"><span class=\"style2\"> 2025-1-0<\/span><\/td>\n<td bgcolor=\"#EBEBEB\"><span class=\"style2\">Mestrado em Estat\u00edstica<\/span><\/td>\n<\/tr>\n<tr>\n<td bgcolor=\"#eeecd5\"><span class=\"style2\">Semin\u00e1rio de Mestrado<\/span><\/td>\n<td bgcolor=\"#eeecd5\"><span class=\"style2\">MAD703<\/span><\/td>\n<td bgcolor=\"#eeecd5\"><span class=\"style2\">Maria Eulalia Vares<br \/>\nWidemberg Nobre<\/span><\/td>\n<td bgcolor=\"#eeecd5\"><span class=\"style2\">Qua 15:00-17:00<\/span><\/td>\n<td bgcolor=\"#eeecd5\"><span class=\"style2\">I-044-B<\/span><\/td>\n<td bgcolor=\"#eeecd5\"><span class=\"style2\"> 2025-1-0<\/span><\/td>\n<td bgcolor=\"#eeecd5\"><span class=\"style2\">Mestrado em Estat\u00edstica<\/span><\/td>\n<\/tr>\n<tr>\n<td bgcolor=\"#EBEBEB\"><span class=\"style2\"><a href=\"https:\/\/drive.google.com\/file\/d\/1r-HAh5_gavYIj5P_h7jIKfzE3TUsSNy8\/view?usp=drive_link\">Semin\u00e1rio de Doutorado<\/a><br \/>\n<\/span><\/td>\n<td bgcolor=\"#EBEBEB\"><span class=\"style2\">MAD803<\/span><\/td>\n<td bgcolor=\"#EBEBEB\"><span class=\"style2\">Helio Migon<br \/>\nCarlos Tadeu<\/span><\/td>\n<td bgcolor=\"#EBEBEB\"><span class=\"style2\">Ter 14:00-16:00<\/span><\/td>\n<td bgcolor=\"#EBEBEB\">\u00a0<span class=\"style2\">I-044-B<\/span><\/td>\n<td bgcolor=\"#EBEBEB\"><span class=\"style2\"> 2025-1-0<\/span><\/td>\n<td bgcolor=\"#EBEBEB\"><span class=\"style2\">Doutorado em Estat\u00edstica<\/span><\/td>\n<\/tr>\n<\/tbody>\n<\/table>\n<\/div><\/div><\/div><div class=\"fusion-layout-column fusion_builder_column fusion-builder-column-2 fusion_builder_column_1_1 1_1 fusion-flex-column\" style=\"--awb-bg-size:cover;--awb-width-large:100%;--awb-margin-top-large:0px;--awb-spacing-right-large:1.92%;--awb-margin-bottom-large:20px;--awb-spacing-left-large:1.92%;--awb-width-medium:100%;--awb-order-medium:0;--awb-spacing-right-medium:1.92%;--awb-spacing-left-medium:1.92%;--awb-width-small:100%;--awb-order-small:0;--awb-spacing-right-small:1.92%;--awb-spacing-left-small:1.92%;\"><div class=\"fusion-column-wrapper fusion-column-has-shadow fusion-flex-justify-content-flex-start fusion-content-layout-column\"><div class=\"fusion-text fusion-text-2\"><h3>2\u00ba semestre de 2025<\/h3>\n<table width=\"100%\" cellspacing=\"0\" cellpadding=\"10\" align=\"center\">\n<tbody>\n<tr>\n<td bgcolor=\"#dbd7b3\" width=\"19%\" height=\"25\"><span class=\"style2\" style=\"font-weight: bold;\">\u00a0DISCIPLINA<\/span><\/td>\n<td bgcolor=\"#dbd7b3\" width=\"9%\"><span class=\"style2\" style=\"font-weight: bold;\">C\u00d3DIGO<\/span><\/td>\n<td bgcolor=\"#dbd7b3\" width=\"23%\"><span class=\"style2\" style=\"font-weight: bold;\">PROFESSOR(A)<\/span><\/td>\n<td bgcolor=\"#dbd7b3\" width=\"14%\"><span class=\"style2\" style=\"font-weight: bold;\">HOR\u00c1RIO<\/span><\/td>\n<td bgcolor=\"#dbd7b3\" width=\"8%\"><span class=\"style2\" style=\"font-weight: bold;\">SALA<\/span><\/td>\n<td bgcolor=\"#dbd7b3\" width=\"9%\"><span class=\"style2\" style=\"font-weight: bold;\">PER\u00cdODO<\/span><\/td>\n<td bgcolor=\"#dbd7b3\" width=\"18%\"><span class=\"style2\" style=\"font-weight: bold;\">CURSO<\/span><\/td>\n<\/tr>\n<tr>\n<td bgcolor=\"#EBEBEB\"><span class=\"style2\">Processos Estoc\u00e1sticos<\/span><\/td>\n<td bgcolor=\"#EBEBEB\">MAD852<\/td>\n<td bgcolor=\"#EBEBEB\"><span class=\"style2\">Leandro Pimentel<\/span><\/td>\n<td bgcolor=\"#EBEBEB\">Seg, Qua <span class=\"style2\">10-12<\/span><\/td>\n<td bgcolor=\"#EBEBEB\">B-106-B<\/td>\n<td bgcolor=\"#EBEBEB\"><span class=\"style2\"> 2025-2-0<\/span><\/td>\n<td bgcolor=\"#EBEBEB\"><span class=\"style2\">Doutorado em Estat\u00edstica<\/span><\/td>\n<\/tr>\n<tr>\n<td bgcolor=\"#eeecd5\"><span class=\"style2\">Teoria Bayesiana<br \/>\n<\/span><\/td>\n<td bgcolor=\"#eeecd5\"><span class=\"style2\">MAD804<\/span><\/td>\n<td bgcolor=\"#eeecd5\"><span class=\"style2\">Widemberg Nobre<\/span><\/td>\n<td bgcolor=\"#eeecd5\">Qua 10-12 Sex 8-10<\/td>\n<td bgcolor=\"#eeecd5\">B-108-B<\/td>\n<td bgcolor=\"#eeecd5\"><span class=\"style2\"> 2025-2-0<\/span><\/td>\n<td bgcolor=\"#eeecd5\"><span class=\"style2\">Doutorado em Estat\u00edstica<\/span><\/td>\n<\/tr>\n<tr>\n<td bgcolor=\"#EBEBEB\"><span class=\"style2\">Estat\u00edstica Computacional<\/span><\/td>\n<td bgcolor=\"#EBEBEB\"><span class=\"style2\">MAD760<\/span><\/td>\n<td bgcolor=\"#EBEBEB\"><span class=\"style2\">Carlos Tadeu<\/span><\/td>\n<td bgcolor=\"#EBEBEB\">\u00a0Ter, Qui <span class=\"style2\">10-12<\/span><\/td>\n<td bgcolor=\"#EBEBEB\">I-044-B<\/td>\n<td bgcolor=\"#EBEBEB\"><span class=\"style2\"> 2025-2-0<\/span><\/td>\n<td bgcolor=\"#EBEBEB\"><span class=\"style2\">Mestrado em Estat\u00edstica<\/span><\/td>\n<\/tr>\n<tr>\n<td bgcolor=\"#eeecd5\"><span class=\"style2\">Modelos Lineares Generalizados<\/span><\/td>\n<td bgcolor=\"#eeecd5\"><span class=\"style2\">MAD789<\/span><\/td>\n<td bgcolor=\"#eeecd5\"><span class=\"style2\">Thais Fonseca<\/span><\/td>\n<td bgcolor=\"#eeecd5\">Seg, Qua <span class=\"style2\">10-12<\/span><\/td>\n<td bgcolor=\"#eeecd5\">B-108-A<\/p>\n<p>C-119<\/td>\n<td bgcolor=\"#eeecd5\"><span class=\"style2\"> 2025-2-0<\/span><\/td>\n<td bgcolor=\"#eeecd5\"><span class=\"style2\">Mestrado em Estat\u00edstica<\/span><\/td>\n<\/tr>\n<tr>\n<td bgcolor=\"#EBEBEB\"><span class=\"style2\">Semin\u00e1rio de Mestrado<\/span><\/td>\n<td bgcolor=\"#EBEBEB\"><span class=\"style2\">MAD704<\/span><\/td>\n<td bgcolor=\"#EBEBEB\"><span class=\"style2\">Maria Eulalia<br \/>\nWidemberg Nobre<\/span><\/td>\n<td bgcolor=\"#EBEBEB\">Qua 15-17<\/td>\n<td bgcolor=\"#EBEBEB\">I-044-B<\/td>\n<td bgcolor=\"#EBEBEB\"><span class=\"style2\"> 2025-2-0<\/span><\/td>\n<td bgcolor=\"#EBEBEB\"><span class=\"style2\">Mestrado em Estat\u00edstica<\/span><\/td>\n<\/tr>\n<tr>\n<td bgcolor=\"#eeecd5\"><span class=\"style2\">Cadeias de Markov<\/span><\/td>\n<td bgcolor=\"#eeecd5\"><span class=\"style2\">MAD793<\/span><\/td>\n<td bgcolor=\"#eeecd5\"><span class=\"style2\">Daniel Ungaretti<\/span><\/td>\n<td bgcolor=\"#eeecd5\">Seg, Qua <span class=\"style2\">13-15<\/span><\/td>\n<td bgcolor=\"#eeecd5\">B-108-B<\/td>\n<td bgcolor=\"#eeecd5\"><span class=\"style2\"> 2025-2-0<\/span><\/td>\n<td bgcolor=\"#eeecd5\"><span class=\"style2\">Mestrado em Estat\u00edstica<\/span><\/td>\n<\/tr>\n<tr>\n<td bgcolor=\"#EBEBEB\"><a href=\"https:\/\/ppge.im.ufrj.br\/wp-content\/uploads\/2025\/07\/Seminario_de_Doutorado.pdf\"><span class=\"style2\">Semin\u00e1rio de Doutorado<\/span><\/a><\/td>\n<td bgcolor=\"#EBEBEB\"><\/td>\n<td bgcolor=\"#EBEBEB\"><span class=\"style2\">Guilherme Ost<\/span><\/td>\n<td bgcolor=\"#EBEBEB\">Seg <span class=\"style2\">10-12<\/span><\/td>\n<td bgcolor=\"#EBEBEB\">C-119<\/td>\n<td bgcolor=\"#EBEBEB\"><span class=\"style2\"> 2025-2-0<\/span><\/td>\n<td bgcolor=\"#EBEBEB\"><span class=\"style2\">Doutorado em Estat\u00edstica<\/span><\/td>\n<\/tr>\n<\/tbody>\n<\/table>\n<\/div><\/div><\/div><div class=\"fusion-layout-column fusion_builder_column fusion-builder-column-3 fusion_builder_column_1_1 1_1 fusion-flex-column\" style=\"--awb-bg-size:cover;--awb-width-large:100%;--awb-margin-top-large:0px;--awb-spacing-right-large:1.92%;--awb-margin-bottom-large:20px;--awb-spacing-left-large:1.92%;--awb-width-medium:100%;--awb-order-medium:0;--awb-spacing-right-medium:1.92%;--awb-spacing-left-medium:1.92%;--awb-width-small:100%;--awb-order-small:0;--awb-spacing-right-small:1.92%;--awb-spacing-left-small:1.92%;\"><div class=\"fusion-column-wrapper fusion-column-has-shadow fusion-flex-justify-content-flex-start fusion-content-layout-column\"><div class=\"fusion-text fusion-text-3\"><h3>1\u00ba semestre de 2026<\/h3>\n<table width=\"100%\" cellspacing=\"0\" cellpadding=\"10\" align=\"center\">\n<tbody>\n<tr>\n<td bgcolor=\"#dbd7b3\" height=\"25\"><span class=\"style2\" style=\"font-weight: bold;\">\u00a0DISCIPLINA<\/span><\/td>\n<td bgcolor=\"#dbd7b3\"><span class=\"style2\" style=\"font-weight: bold;\">C\u00d3DIGO<\/span><\/td>\n<td bgcolor=\"#dbd7b3\"><span class=\"style2\" style=\"font-weight: bold;\">PROFESSOR(A)<\/span><\/td>\n<td bgcolor=\"#dbd7b3\"><span class=\"style2\" style=\"font-weight: bold;\">HOR\u00c1RIO<\/span><\/td>\n<td bgcolor=\"#dbd7b3\"><span class=\"style2\" style=\"font-weight: bold;\">SALA<\/span><\/td>\n<td bgcolor=\"#dbd7b3\"><span class=\"style2\" style=\"font-weight: bold;\">PER\u00cdODO<\/span><\/td>\n<td bgcolor=\"#dbd7b3\"><span class=\"style2\" style=\"font-weight: bold;\">CURSO<\/span><\/td>\n<\/tr>\n<tr>\n<td bgcolor=\"#EBEBEB\"><span class=\"style2\">Infer\u00eancia Estat\u00edstica<br \/>\n<\/span><\/td>\n<td bgcolor=\"#EBEBEB\"><span class=\"style2\">MAD781<\/span><\/td>\n<td bgcolor=\"#EBEBEB\"><span class=\"style2\">Widemberg S Nobre<\/span><\/td>\n<td bgcolor=\"#EBEBEB\"><span class=\"style2\">Seg, Qua, Sex\u00a0 10-12<\/span><\/td>\n<td bgcolor=\"#EBEBEB\"><span class=\"style2\">B-106-A<\/span><\/td>\n<td bgcolor=\"#EBEBEB\"><span class=\"style2\"> 2026-1-0<\/span><\/td>\n<td bgcolor=\"#EBEBEB\"><span class=\"style2\">Mestrado em Estat\u00edstica<\/span><\/td>\n<\/tr>\n<tr>\n<td bgcolor=\"#eeecd5\"><span class=\"style2\"> Teoria das Probabilidades<br \/>\n<\/span><\/td>\n<td bgcolor=\"#eeecd5\"><span class=\"style2\">MAD790<\/span><\/td>\n<td bgcolor=\"#eeecd5\"><span class=\"style2\">Glauco Valle<\/span><\/td>\n<td bgcolor=\"#eeecd5\"><span class=\"style2\">Seg, Qua, Sex\u00a0 8-10<\/span><\/td>\n<td bgcolor=\"#eeecd5\"><span class=\"style2\">B-106-B<\/span><\/td>\n<td bgcolor=\"#eeecd5\"><span class=\"style2\"> 2026-1-0<\/span><\/td>\n<td bgcolor=\"#eeecd5\"><span class=\"style2\">Mestrado em Estat\u00edstica<\/span><\/td>\n<\/tr>\n<tr>\n<td bgcolor=\"#EBEBEB\"><a href=\"https:\/\/ppge.im.ufrj.br\/wp-content\/uploads\/2025\/11\/MAD791_2026-1_Eulalia.pdf\"><span class=\"style2\">T\u00f3picos em Processos Estoc\u00e1sticos <\/span><\/a><\/td>\n<td bgcolor=\"#EBEBEB\">\u00a0MAD791<\/td>\n<td bgcolor=\"#EBEBEB\">Maria Eulaila Vares<\/td>\n<td bgcolor=\"#EBEBEB\"><span class=\"style2\">Seg, Qua\u00a0 10-12<\/span><\/td>\n<td bgcolor=\"#EBEBEB\"><span class=\"style2\">B-106-B<\/span><\/td>\n<td bgcolor=\"#EBEBEB\"><span class=\"style2\"> 2026-1-0<\/span><\/td>\n<td bgcolor=\"#EBEBEB\"><span class=\"style2\">Mestrado em Estat\u00edstica<\/span><\/td>\n<\/tr>\n<tr>\n<td bgcolor=\"#eeecd5\"><span class=\"style2\">Modelos Din\u00e2micos<\/span><\/td>\n<td bgcolor=\"#eeecd5\"><span class=\"style2\">\u00a0MAD796<\/span><\/td>\n<td bgcolor=\"#eeecd5\"><span class=\"style2\">Mariane Alves<\/span><\/td>\n<td bgcolor=\"#eeecd5\"><span class=\"style2\">Ter, Qua\u00a0 13-15<\/span><\/td>\n<td bgcolor=\"#eeecd5\"><span class=\"style2\">B-106-A<\/span><\/td>\n<td bgcolor=\"#eeecd5\"><span class=\"style2\"> 2026-1-0<\/span><\/td>\n<td bgcolor=\"#eeecd5\"><span class=\"style2\">Mestrado em Estat\u00edstica<\/span><\/td>\n<\/tr>\n<tr>\n<td bgcolor=\"#EBEBEB\"><span class=\"style2\">Probabilidade Avan\u00e7ada I<\/span><\/td>\n<td bgcolor=\"#EBEBEB\"><span class=\"style2\">MAD851<\/span><\/td>\n<td bgcolor=\"#EBEBEB\"><span class=\"style2\">Daniel Ungaretti<\/span><\/td>\n<td bgcolor=\"#EBEBEB\"><span class=\"style2\">Seg, Qua\u00a0 8-10<\/span><\/td>\n<td bgcolor=\"#EBEBEB\"><span class=\"style2\">B-106-A<\/span><\/td>\n<td bgcolor=\"#EBEBEB\"><span class=\"style2\"> 2026-1-0<\/span><\/td>\n<td bgcolor=\"#EBEBEB\"><span class=\"style2\">Doutorado em Estat\u00edstica<\/span><\/td>\n<\/tr>\n<tr>\n<td bgcolor=\"#eeecd5\"><span class=\"style2\">Semin\u00e1rio de Mestrado<\/span><\/td>\n<td bgcolor=\"#eeecd5\"><span class=\"style2\">MAD703<\/span><\/td>\n<td bgcolor=\"#eeecd5\"><span class=\"style2\">Carlos Tadeu<br \/>\nDaniel Ungaretti<\/span><\/td>\n<td bgcolor=\"#eeecd5\"><span class=\"style2\">Qua 15-17<\/span><\/td>\n<td bgcolor=\"#eeecd5\"><span class=\"style2\">I-o44-B<\/span><\/td>\n<td bgcolor=\"#eeecd5\"><span class=\"style2\"> 2026-1-0<\/span><\/td>\n<td bgcolor=\"#eeecd5\"><span class=\"style2\">Mestrado em Estat\u00edstica<\/span><\/td>\n<\/tr>\n<tr>\n<td bgcolor=\"#EBEBEB\"><span class=\"style2\"><a href=\"https:\/\/ppge.im.ufrj.br\/wp-content\/uploads\/2025\/11\/SeminarioDoutoradoKellyPPGE2026_1.pdf\">Semin\u00e1rio de Doutorado<\/a><\/span><\/td>\n<td bgcolor=\"#EBEBEB\"><span class=\"style2\">MAD803<\/span><\/td>\n<td bgcolor=\"#EBEBEB\">Kelly Cristina<\/td>\n<td bgcolor=\"#EBEBEB\"><span class=\"style2\">Qua 13-15<\/span><\/td>\n<td bgcolor=\"#EBEBEB\"><span class=\"style2\">I-044-B<\/span><\/td>\n<td bgcolor=\"#EBEBEB\"><span class=\"style2\"> 2026-1-0<\/span><\/td>\n<td bgcolor=\"#EBEBEB\"><span class=\"style2\">Doutorado em Estat\u00edstica<\/span><\/td>\n<\/tr>\n<\/tbody>\n<\/table>\n<\/div><\/div><\/div><div class=\"fusion-layout-column fusion_builder_column fusion-builder-column-4 fusion_builder_column_1_1 1_1 fusion-flex-column\" style=\"--awb-bg-size:cover;--awb-width-large:100%;--awb-margin-top-large:0px;--awb-spacing-right-large:1.92%;--awb-margin-bottom-large:20px;--awb-spacing-left-large:1.92%;--awb-width-medium:100%;--awb-order-medium:0;--awb-spacing-right-medium:1.92%;--awb-spacing-left-medium:1.92%;--awb-width-small:100%;--awb-order-small:0;--awb-spacing-right-small:1.92%;--awb-spacing-left-small:1.92%;\"><div class=\"fusion-column-wrapper fusion-column-has-shadow fusion-flex-justify-content-flex-start fusion-content-layout-column\"><div class=\"fusion-text fusion-text-4\"><h3>2\u00ba semestre de 2026<\/h3>\n<table width=\"100%\" cellspacing=\"0\" cellpadding=\"10\" align=\"center\">\n<tbody>\n<tr>\n<td bgcolor=\"#dbd7b3\" width=\"19%\" height=\"25\"><span class=\"style2\" style=\"font-weight: bold;\">\u00a0DISCIPLINA<\/span><\/td>\n<td bgcolor=\"#dbd7b3\" width=\"9%\"><span class=\"style2\" style=\"font-weight: bold;\">C\u00d3DIGO<\/span><\/td>\n<td bgcolor=\"#dbd7b3\" width=\"23%\"><span class=\"style2\" style=\"font-weight: bold;\">PROFESSOR(A)<\/span><\/td>\n<td bgcolor=\"#dbd7b3\" width=\"14%\"><span class=\"style2\" style=\"font-weight: bold;\">HOR\u00c1RIO<\/span><\/td>\n<td bgcolor=\"#dbd7b3\" width=\"8%\"><span class=\"style2\" style=\"font-weight: bold;\">SALA<\/span><\/td>\n<td bgcolor=\"#dbd7b3\" width=\"9%\"><span class=\"style2\" style=\"font-weight: bold;\">PER\u00cdODO<\/span><\/td>\n<td bgcolor=\"#dbd7b3\" width=\"18%\"><span class=\"style2\" style=\"font-weight: bold;\">CURSO<\/span><\/td>\n<\/tr>\n<tr>\n<td bgcolor=\"#EBEBEB\"><span class=\"style2\">Estat\u00edstica Computacional<\/span><\/td>\n<td bgcolor=\"#EBEBEB\"><span class=\"style2\">MAD760<\/span><\/td>\n<td bgcolor=\"#EBEBEB\">Carlos Abanto-Valle<\/td>\n<td bgcolor=\"#EBEBEB\">TBA<\/td>\n<td bgcolor=\"#EBEBEB\">TBA<\/td>\n<td bgcolor=\"#EBEBEB\"><span class=\"style2\"> 2026-2-0<\/span><\/td>\n<td bgcolor=\"#EBEBEB\"><span class=\"style2\">Mestrado em Estat\u00edstica<\/span><\/td>\n<\/tr>\n<tr>\n<td bgcolor=\"#eeecd5\"><span class=\"style2\">Modelos Lineares Generalizados<\/span><\/td>\n<td bgcolor=\"#eeecd5\"><span class=\"style2\">MAD789<\/span><\/td>\n<td bgcolor=\"#eeecd5\">Marina Silva Paez<\/td>\n<td bgcolor=\"#eeecd5\">TBA<\/td>\n<td bgcolor=\"#eeecd5\">TBA<\/td>\n<td bgcolor=\"#eeecd5\"><span class=\"style2\"> 2026-2-0<\/span><\/td>\n<td bgcolor=\"#eeecd5\"><span class=\"style2\">Mestrado em Estat\u00edstica<\/span><\/td>\n<\/tr>\n<tr>\n<td bgcolor=\"#EBEBEB\"><span class=\"style2\">T\u00f3picos de Estat\u00edstica: Aprendizado de M\u00e1quinas<\/span><\/td>\n<td bgcolor=\"#EBEBEB\"><span class=\"style2\">MAD711<\/span><\/td>\n<td bgcolor=\"#EBEBEB\"><span class=\"style2\">Carlos Tadeu<br \/>\nGuilherme Ost<\/span><\/td>\n<td bgcolor=\"#EBEBEB\">TBA<\/td>\n<td bgcolor=\"#EBEBEB\">TBA<\/td>\n<td bgcolor=\"#EBEBEB\"><span class=\"style2\"> 2026-2-0<\/span><\/td>\n<td bgcolor=\"#EBEBEB\"><span class=\"style2\">Mestrado em Estat\u00edstica<\/span><\/td>\n<\/tr>\n<tr>\n<td bgcolor=\"#eeecd5\"><span class=\"style2\">Cadeias de Markov<\/span><\/td>\n<td bgcolor=\"#eeecd5\"><span class=\"style2\">MAD793<\/span><\/td>\n<td bgcolor=\"#eeecd5\"><span class=\"style2\">Glauco Valle<br \/>\nMaria Eulaila Vares<\/span><\/td>\n<td bgcolor=\"#eeecd5\">TBA<\/td>\n<td bgcolor=\"#eeecd5\">TBA<\/td>\n<td bgcolor=\"#eeecd5\"><span class=\"style2\"> 2026-2-0<\/span><\/td>\n<td bgcolor=\"#eeecd5\"><span class=\"style2\">Mestrado em Estat\u00edstica<\/span><\/td>\n<\/tr>\n<tr>\n<td bgcolor=\"#EBEBEB\"><span class=\"style2\">Semin\u00e1rio de Mestrado<\/span><\/td>\n<td bgcolor=\"#EBEBEB\"><span class=\"style2\">MAD704<\/span><\/td>\n<td bgcolor=\"#EBEBEB\"><span class=\"style2\">Carlos Tadeu<br \/>\nDaniel Ungaretti<\/span><\/td>\n<td bgcolor=\"#EBEBEB\">TBA<\/td>\n<td bgcolor=\"#EBEBEB\">TBA<\/td>\n<td bgcolor=\"#EBEBEB\"><span class=\"style2\"> 2026-2-0<\/span><\/td>\n<td bgcolor=\"#EBEBEB\"><span class=\"style2\">Mestrado em Estat\u00edstica<\/span><\/td>\n<\/tr>\n<tr>\n<td bgcolor=\"#eeecd5\"><span class=\"style2\">Processos Estoc\u00e1sticos<\/span><\/td>\n<td bgcolor=\"#eeecd5\">MAD852<\/td>\n<td bgcolor=\"#eeecd5\"><span class=\"style2\">Leandro Pimentel<\/span><\/td>\n<td bgcolor=\"#eeecd5\">TBA<\/td>\n<td bgcolor=\"#eeecd5\">TBA<\/td>\n<td bgcolor=\"#eeecd5\"><span class=\"style2\"> 2026-2-0<\/span><\/td>\n<td bgcolor=\"#eeecd5\"><span class=\"style2\">Doutorado em Estat\u00edstica<\/span><\/td>\n<\/tr>\n<tr>\n<td bgcolor=\"#EBEBEB\"><span class=\"style2\">Teoria Bayesiana<br \/>\n<\/span><\/td>\n<td bgcolor=\"#EBEBEB\"><span class=\"style2\">MAD804<\/span><\/td>\n<td bgcolor=\"#EBEBEB\"><span class=\"style2\">Tha\u00eds Fonseca<\/span><\/td>\n<td bgcolor=\"#EBEBEB\">TBA<\/td>\n<td bgcolor=\"#EBEBEB\">TBA<\/td>\n<td bgcolor=\"#EBEBEB\"><span class=\"style2\"> 2026-2-0<\/span><\/td>\n<td bgcolor=\"#EBEBEB\"><span class=\"style2\">Doutorado em Estat\u00edstica<\/span><\/td>\n<\/tr>\n<tr>\n<td bgcolor=\"#eeecd5\"><span class=\"style2\">Semin\u00e1rio de Doutorado<\/span><\/td>\n<td bgcolor=\"#eeecd5\">MAD802<\/td>\n<td bgcolor=\"#eeecd5\"><span class=\"style2\">Giulio Iacobelli<\/span><\/td>\n<td bgcolor=\"#eeecd5\">TBA<\/td>\n<td bgcolor=\"#eeecd5\">TBA<\/td>\n<td bgcolor=\"#eeecd5\"><span class=\"style2\"> 2026-2-0<\/span><\/td>\n<td bgcolor=\"#eeecd5\"><span class=\"style2\">Doutorado em Estat\u00edstica<\/span><\/td>\n<\/tr>\n<\/tbody>\n<\/table>\n<\/div><\/div><\/div><\/div><\/div><\/p>","protected":false},"excerpt":{"rendered":"","protected":false},"author":1,"featured_media":0,"parent":0,"menu_order":0,"comment_status":"closed","ping_status":"open","template":"100-width.php","meta":{"footnotes":""},"class_list":["post-63","page","type-page","status-publish","hentry"],"_links":{"self":[{"href":"https:\/\/ppge.im.ufrj.br\/en\/wp-json\/wp\/v2\/pages\/63","targetHints":{"allow":["GET"]}}],"collection":[{"href":"https:\/\/ppge.im.ufrj.br\/en\/wp-json\/wp\/v2\/pages"}],"about":[{"href":"https:\/\/ppge.im.ufrj.br\/en\/wp-json\/wp\/v2\/types\/page"}],"author":[{"embeddable":true,"href":"https:\/\/ppge.im.ufrj.br\/en\/wp-json\/wp\/v2\/users\/1"}],"replies":[{"embeddable":true,"href":"https:\/\/ppge.im.ufrj.br\/en\/wp-json\/wp\/v2\/comments?post=63"}],"version-history":[{"count":22,"href":"https:\/\/ppge.im.ufrj.br\/en\/wp-json\/wp\/v2\/pages\/63\/revisions"}],"predecessor-version":[{"id":1782,"href":"https:\/\/ppge.im.ufrj.br\/en\/wp-json\/wp\/v2\/pages\/63\/revisions\/1782"}],"wp:attachment":[{"href":"https:\/\/ppge.im.ufrj.br\/en\/wp-json\/wp\/v2\/media?parent=63"}],"curies":[{"name":"wp","href":"https:\/\/api.w.org\/{rel}","templated":true}]}}