{"id":59,"date":"2022-09-05T18:01:37","date_gmt":"2022-09-05T18:01:37","guid":{"rendered":"http:\/\/localhost:8000\/?page_id=59"},"modified":"2024-09-27T16:00:07","modified_gmt":"2024-09-27T16:00:07","slug":"descricao-do-programa","status":"publish","type":"page","link":"https:\/\/ppge.im.ufrj.br\/en\/descricao-do-programa\/","title":{"rendered":"Programme Description"},"content":{"rendered":"<p><div class=\"fusion-fullwidth fullwidth-box fusion-builder-row-1 fusion-flex-container has-pattern-background has-mask-background gradient-container-1 nonhundred-percent-fullwidth non-hundred-percent-height-scrolling\" style=\"--awb-border-radius-top-left:0px;--awb-border-radius-top-right:0px;--awb-border-radius-bottom-right:0px;--awb-border-radius-bottom-left:0px;--awb-flex-wrap:wrap;\" ><div class=\"fusion-builder-row fusion-row fusion-flex-align-items-flex-start fusion-flex-content-wrap\" style=\"max-width:1248px;margin-left: calc(-4% \/ 2 );margin-right: calc(-4% \/ 2 );\"><div class=\"fusion-layout-column fusion_builder_column fusion-builder-column-0 fusion_builder_column_1_1 1_1 fusion-flex-column\" style=\"--awb-bg-size:cover;--awb-width-large:100%;--awb-margin-top-large:0px;--awb-spacing-right-large:1.92%;--awb-margin-bottom-large:20px;--awb-spacing-left-large:1.92%;--awb-width-medium:100%;--awb-order-medium:0;--awb-spacing-right-medium:1.92%;--awb-spacing-left-medium:1.92%;--awb-width-small:100%;--awb-order-small:0;--awb-spacing-right-small:1.92%;--awb-spacing-left-small:1.92%;\"><div class=\"fusion-column-wrapper fusion-column-has-shadow fusion-flex-justify-content-flex-start fusion-content-layout-column\"><div class=\"fusion-title title fusion-title-1 sep-underline sep-solid fusion-title-text fusion-title-size-two\" style=\"--awb-sep-color:var(--awb-color6);\"><h2 class=\"fusion-title-heading title-heading-left\" style=\"margin:0;text-transform:uppercase;text-shadow:0px #282828;\">Programme Description<\/h2><\/div><\/div><\/div><\/div><\/div><div class=\"fusion-fullwidth fullwidth-box fusion-builder-row-2 fusion-flex-container has-pattern-background has-mask-background gradient-container-2 nonhundred-percent-fullwidth non-hundred-percent-height-scrolling\" style=\"--awb-border-radius-top-left:0px;--awb-border-radius-top-right:0px;--awb-border-radius-bottom-right:0px;--awb-border-radius-bottom-left:0px;--awb-flex-wrap:wrap;\" ><div class=\"fusion-builder-row fusion-row fusion-flex-align-items-flex-start fusion-flex-content-wrap\" style=\"max-width:1248px;margin-left: calc(-4% \/ 2 );margin-right: calc(-4% \/ 2 );\"><div class=\"fusion-layout-column fusion_builder_column fusion-builder-column-1 fusion_builder_column_1_1 1_1 fusion-flex-column\" style=\"--awb-padding-top:20px;--awb-padding-right:20px;--awb-padding-bottom:20px;--awb-padding-left:20px;--awb-bg-color:rgba(240,238,229,0.25);--awb-bg-color-hover:rgba(240,238,229,0.25);--awb-bg-size:cover;--awb-box-shadow:4px 4px 30px 9px var(--awb-color3);;--awb-border-color:var(--awb-color5);--awb-border-top:1px;--awb-border-right:1px;--awb-border-bottom:1px;--awb-border-left:1px;--awb-border-style:solid;--awb-width-large:100%;--awb-margin-top-large:0px;--awb-spacing-right-large:1.92%;--awb-margin-bottom-large:20px;--awb-spacing-left-large:1.92%;--awb-width-medium:100%;--awb-order-medium:0;--awb-spacing-right-medium:1.92%;--awb-spacing-left-medium:1.92%;--awb-width-small:100%;--awb-order-small:0;--awb-spacing-right-small:1.92%;--awb-spacing-left-small:1.92%;\" data-scroll-devices=\"small-visibility,medium-visibility,large-visibility\"><div class=\"fusion-column-wrapper fusion-column-has-shadow fusion-flex-justify-content-flex-start fusion-content-layout-column\"><div class=\"fusion-text fusion-text-1\"><p><span class=\"fusion-dropcap dropcap\">T<\/span> he Postgraduate Programme in Statistics at UFRJ leads to the degrees of Master and Doctor in Statistics. From 2001 to 2015, the Programme operated under a trimester-based academic system (with three terms per year). Beginning in 2016, the Programme reverted to a semester-based system, with two academic terms of 15 weeks each.<\/p>\n<p>Both degrees involve postgraduate courses and seminars in the first academic year. The Master's Seminars are semester-long, one-credit courses involving the assessment of students\u2019 understanding and participation in the Programme\u2019s Lecture Series.<\/p>\n<p>In addition to attending the lectures, students must prepare a monograph describing some of the lectures they have attended. By the end of the first academic year, all students must have completed the minimum requirement of 360 hours of regular course classes and 20 hours of seminar classes.<\/p>\n<p>Doctoral students who already hold a Master\u2019s degree from another programme may request exemption from certain courses if equivalence with subjects previously taken in their original programmes can be proven. At the end of this first academic year, differences emerge between the pathways taken by Master\u2019s and Doctoral students.<\/p>\n<p>We will present these pathways separately.<\/p>\n<\/div><\/div><\/div><div class=\"fusion-layout-column fusion_builder_column fusion-builder-column-2 fusion_builder_column_1_1 1_1 fusion-flex-column\" style=\"--awb-padding-top:20px;--awb-padding-right:20px;--awb-padding-bottom:20px;--awb-padding-left:20px;--awb-overflow:hidden;--awb-bg-size:cover;--awb-border-radius:20px 20px 20px 20px;--awb-width-large:100%;--awb-margin-top-large:0px;--awb-spacing-right-large:1.92%;--awb-margin-bottom-large:20px;--awb-spacing-left-large:1.92%;--awb-width-medium:100%;--awb-order-medium:0;--awb-spacing-right-medium:1.92%;--awb-spacing-left-medium:1.92%;--awb-width-small:100%;--awb-order-small:0;--awb-spacing-right-small:1.92%;--awb-spacing-left-small:1.92%;\"><div class=\"fusion-column-wrapper fusion-column-has-shadow fusion-flex-justify-content-flex-start fusion-content-layout-column\"><\/div><\/div><\/div><\/div><div class=\"fusion-fullwidth fullwidth-box fusion-builder-row-3 fusion-flex-container has-pattern-background has-mask-background gradient-container-3 nonhundred-percent-fullwidth non-hundred-percent-height-scrolling\" style=\"--awb-border-radius-top-left:0px;--awb-border-radius-top-right:0px;--awb-border-radius-bottom-right:0px;--awb-border-radius-bottom-left:0px;--awb-flex-wrap:wrap;\" ><div class=\"fusion-builder-row fusion-row fusion-flex-align-items-flex-start fusion-flex-content-wrap\" style=\"max-width:1248px;margin-left: calc(-4% \/ 2 );margin-right: calc(-4% \/ 2 );\"><div class=\"fusion-layout-column fusion_builder_column fusion-builder-column-3 fusion_builder_column_1_1 1_1 fusion-flex-column\" style=\"--awb-bg-size:cover;--awb-width-large:100%;--awb-margin-top-large:0px;--awb-spacing-right-large:1.92%;--awb-margin-bottom-large:20px;--awb-spacing-left-large:1.92%;--awb-width-medium:100%;--awb-order-medium:0;--awb-spacing-right-medium:1.92%;--awb-spacing-left-medium:1.92%;--awb-width-small:100%;--awb-order-small:0;--awb-spacing-right-small:1.92%;--awb-spacing-left-small:1.92%;\"><div class=\"fusion-column-wrapper fusion-column-has-shadow fusion-flex-justify-content-flex-start fusion-content-layout-column\"><div class=\"fusion-tabs fusion-tabs-1 clean vertical-tabs icon-position-left mobile-mode-accordion\" style=\"--awb-title-border-radius-top-left:0px;--awb-title-border-radius-top-right:0px;--awb-title-border-radius-bottom-right:0px;--awb-title-border-radius-bottom-left:0px;--awb-alignment:start;--awb-inactive-color:var(--awb-color2);--awb-background-color:var(--awb-color1);--awb-border-color:var(--awb-color3);--awb-active-border-color:var(--awb-color5);\"><div class=\"nav\"><ul class=\"nav-tabs\" role=\"tablist\"><li class=\"active\" role=\"presentation\"><a class=\"tab-link\" data-toggle=\"tab\" role=\"tab\" aria-controls=\"tab-9a2a0149fbcf43e0767\" aria-selected=\"true\" id=\"fusion-tab-mestrado\" href=\"#tab-9a2a0149fbcf43e0767\"><h4 class=\"fusion-tab-heading\">Master\u2019s Degree<\/h4><\/a><\/li><li role=\"presentation\"><a class=\"tab-link\" data-toggle=\"tab\" role=\"tab\" aria-controls=\"tab-4ea741ed95ba2e5e902\" aria-selected=\"false\" tabindex=\"-1\" id=\"fusion-tab-doutorado\" href=\"#tab-4ea741ed95ba2e5e902\"><h4 class=\"fusion-tab-heading\">Doctorate<\/h4><\/a><\/li><\/ul><\/div><div class=\"tab-content\"><div class=\"nav fusion-mobile-tab-nav\"><ul class=\"nav-tabs\" role=\"tablist\"><li class=\"active\" role=\"presentation\"><a class=\"tab-link\" data-toggle=\"tab\" role=\"tab\" aria-controls=\"tab-9a2a0149fbcf43e0767\" aria-selected=\"true\" id=\"mobile-fusion-tab-mestrado\" href=\"#tab-9a2a0149fbcf43e0767\"><h4 class=\"fusion-tab-heading\">Master\u2019s Degree<\/h4><\/a><\/li><\/ul><\/div><div class=\"tab-pane fade fusion-clearfix in active\" role=\"tabpanel\" tabindex=\"0\" aria-labelledby=\"fusion-tab-mestrado\" id=\"tab-9a2a0149fbcf43e0767\">\n<p>In the table below, you will find a summary of the Master's course activities.<\/p>\n<table border=\"0\" width=\"100%\">\n<tbody>\n<tr>\n<td class=\"style2\" colspan=\"4\" align=\"middle\" bgcolor=\"#dbd7b3\">\n<div align=\"center\"><strong>MESTRADO<\/strong><\/div>\n<\/td>\n<\/tr>\n<tr>\n<td class=\"style2\" align=\"middle\" bgcolor=\"#EBEBEB\" width=\"16%\">\n<div align=\"left\"><strong>\u00a0\u00a0ANO LETIVO<\/strong><\/div>\n<\/td>\n<td class=\"style2\" align=\"middle\" bgcolor=\"#EBEBEB\" width=\"14%\">\n<div align=\"left\"><strong>PER\u00cdODO<\/strong><\/div>\n<\/td>\n<td class=\"style2\" colspan=\"2\" align=\"middle\" bgcolor=\"#EBEBEB\">\n<div align=\"left\"><strong>ATIVIDADES <\/strong><\/div>\n<\/td>\n<\/tr>\n<tr>\n<td class=\"style2\" rowspan=\"6\" align=\"middle\" bgcolor=\"#eeecd5\" width=\"16%\">\n<div align=\"left\"><strong>\u00a0\u00a01\u00ba<\/strong><\/div>\n<\/td>\n<td class=\"style2\" rowspan=\"2\" align=\"middle\" bgcolor=\"#eeecd5\" width=\"14%\">\n<div align=\"left\"><strong>1\u00ba<\/strong><\/div>\n<\/td>\n<td class=\"style2\" rowspan=\"2\" align=\"middle\" bgcolor=\"#eeecd5\" width=\"27%\">\n<div align=\"left\"><strong>Subjects<\/strong><\/div>\n<\/td>\n<td class=\"style2\" align=\"middle\" bgcolor=\"#eeecd5\" width=\"43%\">\n<div align=\"left\">Teoria de Probabilidades<\/div>\n<\/td>\n<\/tr>\n<tr>\n<td class=\"style2\" align=\"middle\" bgcolor=\"#eeecd5\" width=\"43%\">\n<div align=\"left\">Infer\u00eancia Estat\u00edstica<\/div>\n<\/td>\n<\/tr>\n<tr>\n<td class=\"style2\" rowspan=\"4\" align=\"middle\" bgcolor=\"#E5E4CF\" width=\"14%\">\n<div align=\"left\"><strong>2\u00ba<\/strong><\/div>\n<\/td>\n<td class=\"style2\" rowspan=\"4\" align=\"middle\" bgcolor=\"#E5E4CF\" width=\"27%\">\n<div align=\"left\"><strong>Subjects<\/strong><\/div>\n<\/td>\n<td class=\"style2\" align=\"middle\" bgcolor=\"#E5E4CF\" width=\"43%\">\n<div align=\"left\">Estat\u00edstica Computacional<\/div>\n<\/td>\n<\/tr>\n<tr>\n<td class=\"style2\" align=\"middle\" bgcolor=\"#E5E4CF\" width=\"43%\">\n<div align=\"left\">Modelos Lineares Generalizados<\/div>\n<\/td>\n<\/tr>\n<tr>\n<td class=\"style2\" align=\"middle\" bgcolor=\"#E5E4CF\" width=\"43%\">\n<div align=\"left\">Cadeias de Markov<\/div>\n<\/td>\n<\/tr>\n<tr>\n<td class=\"style2\" align=\"middle\" bgcolor=\"#E5E4CF\" width=\"43%\">\n<div align=\"left\">1 disciplina eletiva<\/div>\n<\/td>\n<\/tr>\n<tr>\n<td bgcolor=\"#eeecd5\"><\/td>\n<td class=\"style2\" align=\"middle\" bgcolor=\"#eeecd5\" width=\"14%\">\n<div align=\"left\"><strong>Todos<\/strong><\/div>\n<\/td>\n<td class=\"style2\" colspan=\"2\" align=\"middle\" bgcolor=\"#eeecd5\">\n<div align=\"left\"><strong>Semin\u00e1rios de Mestrado<\/strong><\/div>\n<\/td>\n<\/tr>\n<tr>\n<td class=\"style2\" rowspan=\"2\" align=\"middle\" bgcolor=\"#FFFDF2\" width=\"16%\">\n<div align=\"left\"><strong>\u00a0\u00a02\u00ba<\/strong><\/div>\n<\/td>\n<td class=\"style2\" align=\"middle\" bgcolor=\"#FFFDF2\" width=\"14%\">\n<div align=\"left\"><strong>Todos<\/strong><\/div>\n<\/td>\n<td class=\"style2\" colspan=\"2\" align=\"middle\" bgcolor=\"#FFFDF2\">\n<div align=\"left\"><strong>Elabora\u00e7\u00e3o da disserta\u00e7\u00e3o<\/strong><\/div>\n<\/td>\n<\/tr>\n<tr>\n<td class=\"style2\" align=\"middle\" bgcolor=\"#F9F7EA\" width=\"14%\">\n<div align=\"left\"><strong>2\u00ba<\/strong><\/div>\n<\/td>\n<td class=\"style2\" colspan=\"2\" align=\"middle\" bgcolor=\"#F9F7EA\">\n<div align=\"left\"><strong>Defesa da disserta\u00e7\u00e3o<\/strong><\/div>\n<\/td>\n<\/tr>\n<\/tbody>\n<\/table>\n<\/div><div class=\"nav fusion-mobile-tab-nav\"><ul class=\"nav-tabs\" role=\"tablist\"><li role=\"presentation\"><a class=\"tab-link\" data-toggle=\"tab\" role=\"tab\" aria-controls=\"tab-4ea741ed95ba2e5e902\" aria-selected=\"false\" tabindex=\"-1\" id=\"mobile-fusion-tab-doutorado\" href=\"#tab-4ea741ed95ba2e5e902\"><h4 class=\"fusion-tab-heading\">Doctorate<\/h4><\/a><\/li><\/ul><\/div><div class=\"tab-pane fade fusion-clearfix\" role=\"tabpanel\" tabindex=\"0\" aria-labelledby=\"fusion-tab-doutorado\" id=\"tab-4ea741ed95ba2e5e902\">\n<p>O Curso de Doutorado tem sua estrutura calcada em disciplinas semestrais de P\u00f3s-Gradua\u00e7\u00e3o, Semin\u00e1rios, Exames de Qualifica\u00e7\u00e3o e Tese de Doutorado. Al\u00e9m das disciplinas cursadas no 1\u00ba ano do curso, o aluno dever\u00e1 no 2\u00ba ano do curso cursar 2 disciplinas de doutorado (com 60 horas de aula cada) e 2 disciplinas de Semin\u00e1rios de Doutorado (com 15 horas de aula cada). Assim, ele totalizar\u00e1 nesse 2\u00ba ano letivo 120 horas de aula em disciplinas e 30 horas em Semin\u00e1rios. Agregando com o total do 1\u00ba ano letivo, chega-se ao total geral de um m\u00ednimo de 450 horas de aula em disciplinas regulares e 50 horas de aula em Semin\u00e1rios. <em>Students with a Master\u2019s degree from another programme may be exempt from certain subjects if equivalence with subjects already taken in their original programmes can be demonstrated.<\/em><\/p>\n<p>Continuation in the doctoral programme also requires good performance in the 1st- and 2nd-year subjects. Students who hold a Master\u2019s degree from another postgraduate programme and have been exempted from certain subjects must still complete at least 104 hours in Master\u2019s-level subjects and pass the Master\u2019s Qualification Exam if required to take it.<\/p>\n<p>From that point onwards, students move on to the second year, when they must:<\/p>\n<ul>\n<li>take two advanced doctoral courses, each with four hours per week (totalling 120 hours);<\/li>\n<li>carry out two Doctoral Seminars involving the presentation and discussion of articles (bimonthly), each with one hour per week (totalling 30 hours);<\/li>\n<li>prepare reports on lectures given within the Programme (Master\u2019s Seminars).<\/li>\n<\/ul>\n<p>During the second year (and after completing the courses), students take the Preliminary Qualification Examination. This exam is oral and covers the content of two doctoral-level subjects from the programme. Passing this exam is decided by an examining board comprising three academic staff members from the Programme and enables doctoral students to continue in the Programme to carry out original research and write a doctoral thesis.<\/p>\n<p>By the end of the third year, students are required to take the Doctoral Qualification Examination. They must prepare a presentation of a research project detailing their thesis proposal, which must be defended before an examining board made up of three academic staff members, at least one of whom must be external to the Programme, and the internal members cannot include the supervisor(s). From the point of passing this Examination, the student will focus on research activities but is still encouraged to continue participating in the Programme\u2019s Seminars.<\/p>\n<p>In the tables below, you will find a summary of the doctoral programme activities, taking into account the student\u2019s choice between the two main research areas of our programme: Statistics and Probability.<\/p>\n<table border=\"0\" width=\"100%\" cellspacing=\"0\" cellpadding=\"3\">\n<tbody>\n<tr>\n<td class=\"style2\" colspan=\"4\" align=\"\" bgcolor=\"#dbd7b3\">\n<div align=\"center\"><span class=\"style15\"><strong>\u00a0\u00a0DOUTORADO (Estat\u00edstica)<\/strong><\/span><\/div>\n<\/td>\n<\/tr>\n<tr>\n<td class=\"style2\" align=\"\" bgcolor=\"#EBEBEB\" width=\"16%\">\n<div align=\"left\"><strong>\u00a0\u00a0ANO LETIVO<\/strong><\/div>\n<\/td>\n<td class=\"style2\" align=\"\" bgcolor=\"#EBEBEB\" width=\"16%\">\n<div align=\"left\"><strong>PER\u00cdODO<\/strong><\/div>\n<\/td>\n<td class=\"style2\" colspan=\"2\" align=\"\" bgcolor=\"#EBEBEB\">\n<div align=\"left\"><strong>ATIVIDADES <\/strong><\/div>\n<\/td>\n<\/tr>\n<tr>\n<td class=\"style2\" rowspan=\"8\" align=\"\" bgcolor=\"#eeecd5\" width=\"16%\"><strong>\u00a0\u00a01\u00ba<\/strong><\/td>\n<td class=\"style2\" rowspan=\"2\" align=\"\" bgcolor=\"#eeecd5\" width=\"16%\"><strong>1\u00ba<\/strong><\/td>\n<td class=\"style2\" rowspan=\"2\" align=\"\" bgcolor=\"#eeecd5\" width=\"27%\"><strong>Subjects<\/strong><\/td>\n<td class=\"style2\" align=\"\" bgcolor=\"#eeecd5\" width=\"43%\">Teoria de Probabilidades<\/td>\n<\/tr>\n<tr>\n<td class=\"style2\" align=\"\" bgcolor=\"#eeecd5\" width=\"43%\">Infer\u00eancia Estat\u00edstica<\/td>\n<\/tr>\n<tr>\n<td class=\"style2\" rowspan=\"4\" align=\"\" bgcolor=\"#E4E2CF\" width=\"16%\"><strong>2\u00ba<\/strong><\/td>\n<td class=\"style2\" rowspan=\"4\" align=\"\" bgcolor=\"#E4E2CF\" width=\"27%\"><strong>Subjects<\/strong><\/td>\n<td class=\"style2\" align=\"\" bgcolor=\"#E4E2CF\" width=\"43%\">Estat\u00edstica Computacional<\/td>\n<\/tr>\n<tr>\n<td class=\"style2\" align=\"\" bgcolor=\"#E4E2CF\">Modelos Lineares Generalizados<\/td>\n<\/tr>\n<tr>\n<td class=\"style2\" align=\"\" bgcolor=\"#E4E2CF\">Cadeias de Markov<\/td>\n<\/tr>\n<tr>\n<td class=\"style2\" align=\"\" bgcolor=\"#E4E2CF\" width=\"43%\">1 disciplina eletiva<\/td>\n<\/tr>\n<tr>\n<td class=\"style2\" align=\"\" bgcolor=\"#E4E2CF\"><strong>Todos<\/strong><\/td>\n<td class=\"style2\" colspan=\"2\" align=\"\" bgcolor=\"#E4E2CF\"><strong>Semin\u00e1rios de Mestrado<\/strong><\/td>\n<\/tr>\n<tr>\n<td class=\"style2\" align=\"\" bgcolor=\"#E4E2CF\" width=\"16%\"><strong>Fim do 2\u00ba<\/strong><\/td>\n<td class=\"style2\" colspan=\"2\" align=\"\" bgcolor=\"#E4E2CF\"><strong>Exame Preliminar de Qualifica\u00e7\u00e3o<\/strong><\/td>\n<\/tr>\n<\/tbody>\n<tbody>\n<tr>\n<td class=\"style2\" align=\"\" bgcolor=\"#FFFDF2\" width=\"16%\"><\/td>\n<td class=\"style2\" rowspan=\"2\" align=\"\" bgcolor=\"#FFFDF2\" width=\"16%\"><strong>1\u00ba<\/strong><\/td>\n<td class=\"style2\" align=\"\" bgcolor=\"#FFFDF2\" width=\"27%\"><strong>Subjects<br \/>\n<\/strong><\/td>\n<td class=\"style2\" rowspan=\"2\" align=\"\" bgcolor=\"#FFFDF2\" width=\"43%\">1 disciplina eletiva de doutorado<\/td>\n<\/tr>\n<tr>\n<td class=\"style2\" rowspan=\"2\" align=\"\" bgcolor=\"#FFFDF2\" width=\"16%\"><strong>2\u00ba<\/strong><\/td>\n<td class=\"style2\" align=\"\" bgcolor=\"#FFFDF2\" width=\"27%\"><strong>1 semin\u00e1rio de doutorado <\/strong><\/td>\n<\/tr>\n<tr>\n<td class=\"style2\" align=\"\" bgcolor=\"#F9F4DA\" width=\"16%\"><strong>\u00a02\u00ba<\/strong><\/td>\n<td class=\"style2\" align=\"\" bgcolor=\"#F9F4DA\"><strong>Subjects<\/strong><strong><br \/>\n1 semin\u00e1rio de doutorado<\/strong><\/td>\n<td class=\"style2\" align=\"\" bgcolor=\"#F9F4DA\">1 disciplina eletiva de doutorado<\/td>\n<\/tr>\n<tr>\n<td class=\"style2\" rowspan=\"2\" align=\"\" bgcolor=\"#eeecd5\" width=\"16%\"><strong>\u00a03\u00ba<\/strong><\/td>\n<td class=\"style2\" align=\"\" bgcolor=\"#eeecd5\" width=\"16%\"><strong>1\u00ba<\/strong><\/td>\n<td class=\"style2\" colspan=\"2\" align=\"\" bgcolor=\"#eeecd5\"><strong>Exame de Qualifica\u00e7\u00e3o<\/strong><\/td>\n<\/tr>\n<tr>\n<td class=\"style2\" align=\"\" bgcolor=\"#F9F4DA\" width=\"16%\"><strong>Todos<\/strong><\/td>\n<td class=\"style2\" colspan=\"2\" align=\"\" bgcolor=\"#F9F4DA\"><strong>Elabora\u00e7\u00e3o da tese<\/strong><\/td>\n<\/tr>\n<tr>\n<td class=\"style2\" rowspan=\"2\" align=\"\" bgcolor=\"#FFFDF2\" width=\"16%\"><strong>\u00a04\u00ba<\/strong><\/td>\n<td class=\"style2\" align=\"\" bgcolor=\"#FFFDF2\" width=\"16%\"><strong>Todos<\/strong><\/td>\n<td class=\"style2\" colspan=\"2\" align=\"\" bgcolor=\"#FFFDF2\"><strong>Elabora\u00e7\u00e3o da tese<\/strong><\/td>\n<\/tr>\n<tr>\n<td class=\"style2\" align=\"\" bgcolor=\"#F5F3E6\" width=\"16%\"><strong>2\u00ba<\/strong><\/td>\n<td class=\"style2\" colspan=\"2\" align=\"\" bgcolor=\"#F5F3E6\"><strong>Defesa da tese<\/strong><\/td>\n<\/tr>\n<tr>\n<td><\/td>\n<\/tr>\n<\/tbody>\n<\/table>\n<table border=\"0\" width=\"100%\" cellspacing=\"0\" cellpadding=\"3\">\n<tbody>\n<tr>\n<td class=\"style2\" colspan=\"4\" align=\"\" bgcolor=\"#dbd7b3\">\n<div align=\"center\"><span class=\"style15\"><strong>\u00a0\u00a0DOUTORADO (Probabilidade)<\/strong><\/span><\/div>\n<\/td>\n<\/tr>\n<tr>\n<td class=\"style2\" align=\"\" bgcolor=\"#EBEBEB\" width=\"16%\">\n<div align=\"left\"><strong>\u00a0\u00a0ANO LETIVO<\/strong><\/div>\n<\/td>\n<td class=\"style2\" align=\"\" bgcolor=\"#EBEBEB\" width=\"16%\">\n<div align=\"left\"><strong>PER\u00cdODO<\/strong><\/div>\n<\/td>\n<td class=\"style2\" colspan=\"2\" align=\"\" bgcolor=\"#EBEBEB\">\n<div align=\"left\"><strong>ATIVIDADES <\/strong><\/div>\n<\/td>\n<\/tr>\n<tr>\n<td class=\"style2\" rowspan=\"5\" align=\"\" bgcolor=\"#eeecd5\" width=\"16%\"><strong>\u00a0\u00a01\u00ba<\/strong><\/td>\n<td class=\"style2\" rowspan=\"2\" align=\"\" bgcolor=\"#eeecd5\" width=\"16%\"><strong>1\u00ba<\/strong><\/td>\n<td class=\"style2\" rowspan=\"2\" align=\"\" bgcolor=\"#eeecd5\" width=\"27%\"><strong>Subjects<\/strong><\/td>\n<td class=\"style2\" align=\"\" bgcolor=\"#eeecd5\" width=\"43%\">Teoria de Probabilidades<\/td>\n<\/tr>\n<tr>\n<td class=\"style2\" align=\"\" bgcolor=\"#eeecd5\" width=\"43%\">Infer\u00eancia Estat\u00edstica<\/td>\n<\/tr>\n<tr>\n<td class=\"style2\" rowspan=\"2\" align=\"\" bgcolor=\"#E4E2CF\" width=\"16%\"><strong>2\u00ba<\/strong><\/td>\n<td class=\"style2\" rowspan=\"2\" align=\"\" bgcolor=\"#E4E2CF\" width=\"27%\"><strong>Subjects<\/strong><\/td>\n<td class=\"style2\" align=\"\" bgcolor=\"#E4E2CF\" width=\"43%\">Cadeias de Markov<\/td>\n<\/tr>\n<tr>\n<td class=\"style2\" align=\"\" bgcolor=\"#E4E2CF\" width=\"43%\">2 disciplinas eletivas<\/td>\n<\/tr>\n<tr>\n<td class=\"style2\" align=\"\" bgcolor=\"#E4E2CF\" width=\"16%\"><strong>Todos<\/strong><\/td>\n<td class=\"style2\" colspan=\"2\" align=\"\" bgcolor=\"#E4E2CF\"><strong>Semin\u00e1rios de Mestrado<\/strong><\/td>\n<\/tr>\n<\/tbody>\n<tbody>\n<tr>\n<td class=\"style2\" align=\"\" bgcolor=\"#FFFDF2\" width=\"16%\"><\/td>\n<td class=\"style2\" rowspan=\"2\" align=\"\" bgcolor=\"#FFFDF2\" width=\"16%\"><strong>1\u00ba<\/strong><\/td>\n<td class=\"style2\" align=\"\" bgcolor=\"#FFFDF2\" width=\"27%\"><strong>Subjects<br \/>\n1 semin\u00e1rio de doutorado <\/strong><\/td>\n<td class=\"style2\" align=\"\" bgcolor=\"#FFFDF2\" width=\"43%\">1 disciplina eletiva de doutorado*<\/td>\n<\/tr>\n<tr>\n<td class=\"style2\" rowspan=\"2\" align=\"\" bgcolor=\"#FFFDF2\" width=\"16%\"><strong>2\u00ba<\/strong><\/td>\n<td class=\"style2\" align=\"\" bgcolor=\"#FFFDF2\" width=\"27%\"><\/td>\n<td class=\"style2\" align=\"\" bgcolor=\"#FFFDF2\" width=\"43%\">1 disciplina eletiva de doutorado*<\/td>\n<\/tr>\n<tr>\n<td class=\"style2\" align=\"\" bgcolor=\"#F9F4DA\" width=\"16%\"><strong>\u00a02\u00ba<\/strong><\/td>\n<td class=\"style2\" colspan=\"2\" align=\"\" bgcolor=\"#F9F4DA\"><strong>Subjects<\/strong><strong><br \/>\n1 semin\u00e1rio de doutorado<\/strong><\/td>\n<\/tr>\n<tr>\n<td class=\"style2\" rowspan=\"2\" align=\"\" bgcolor=\"#eeecd5\" width=\"16%\"><strong>\u00a03\u00ba<\/strong><\/td>\n<td class=\"style2\" align=\"\" bgcolor=\"#eeecd5\" width=\"16%\"><strong>1\u00ba<\/strong><\/td>\n<td class=\"style2\" colspan=\"2\" align=\"\" bgcolor=\"#eeecd5\"><strong>Exame de Qualifica\u00e7\u00e3o<\/strong><\/td>\n<\/tr>\n<tr>\n<td class=\"style2\" align=\"\" bgcolor=\"#F9F4DA\" width=\"16%\"><strong>Todos<\/strong><\/td>\n<td class=\"style2\" colspan=\"2\" align=\"\" bgcolor=\"#F9F4DA\"><strong>Elabora\u00e7\u00e3o da tese<\/strong><\/td>\n<\/tr>\n<tr>\n<td class=\"style2\" rowspan=\"2\" align=\"\" bgcolor=\"#FFFDF2\" width=\"16%\"><strong>\u00a04\u00ba<\/strong><\/td>\n<td class=\"style2\" align=\"\" bgcolor=\"#FFFDF2\" width=\"16%\"><strong>Todos<\/strong><\/td>\n<td class=\"style2\" colspan=\"2\" align=\"\" bgcolor=\"#FFFDF2\"><strong>Elabora\u00e7\u00e3o da tese<\/strong><\/td>\n<\/tr>\n<tr>\n<td class=\"style2\" align=\"\" bgcolor=\"#F5F3E6\" width=\"16%\"><strong>2\u00ba<\/strong><\/td>\n<td class=\"style2\" colspan=\"2\" align=\"\" bgcolor=\"#F5F3E6\"><strong>Defesa da tese<\/strong><\/td>\n<\/tr>\n<tr>\n<td><\/td>\n<\/tr>\n<\/tbody>\n<\/table>\n<p>* Dependendo do tema de pesquisa do aluno, poder\u00e1 ser permitido cursar disciplinas eletivas no Programa de P\u00f3s-Gradua\u00e7\u00e3o em Matem\u00e1tica da UFRJ que sejam consideradas importantes na sua forma\u00e7\u00e3o b\u00e1sica. Citamos como exemplos: teoria da medida, an\u00e1lise funcional, teoria espectral e equa\u00e7\u00f5es diferenciais parciais.<\/p>\n<\/div><\/div><\/div><\/div><\/div><\/div><\/div><\/p>","protected":false},"excerpt":{"rendered":"","protected":false},"author":1,"featured_media":0,"parent":0,"menu_order":0,"comment_status":"closed","ping_status":"open","template":"100-width.php","meta":{"footnotes":""},"class_list":["post-59","page","type-page","status-publish","hentry"],"_links":{"self":[{"href":"https:\/\/ppge.im.ufrj.br\/en\/wp-json\/wp\/v2\/pages\/59","targetHints":{"allow":["GET"]}}],"collection":[{"href":"https:\/\/ppge.im.ufrj.br\/en\/wp-json\/wp\/v2\/pages"}],"about":[{"href":"https:\/\/ppge.im.ufrj.br\/en\/wp-json\/wp\/v2\/types\/page"}],"author":[{"embeddable":true,"href":"https:\/\/ppge.im.ufrj.br\/en\/wp-json\/wp\/v2\/users\/1"}],"replies":[{"embeddable":true,"href":"https:\/\/ppge.im.ufrj.br\/en\/wp-json\/wp\/v2\/comments?post=59"}],"version-history":[{"count":9,"href":"https:\/\/ppge.im.ufrj.br\/en\/wp-json\/wp\/v2\/pages\/59\/revisions"}],"predecessor-version":[{"id":1043,"href":"https:\/\/ppge.im.ufrj.br\/en\/wp-json\/wp\/v2\/pages\/59\/revisions\/1043"}],"wp:attachment":[{"href":"https:\/\/ppge.im.ufrj.br\/en\/wp-json\/wp\/v2\/media?parent=59"}],"curies":[{"name":"wp","href":"https:\/\/api.w.org\/{rel}","templated":true}]}}